{"id":13060,"date":"2020-11-23T20:15:46","date_gmt":"2020-11-23T22:15:46","guid":{"rendered":"https:\/\/enotas.com.br\/blog\/?page_id=13060"},"modified":"2020-11-24T14:43:26","modified_gmt":"2020-11-24T16:43:26","slug":"patriarchy","status":"publish","type":"page","link":"https:\/\/enotas.com.br\/blog\/patriarchy\/","title":{"rendered":"Hack the Patriarchy"},"content":{"rendered":"<p><span> Add Content Block<\/span><span> Add Content Block<\/span><span> Insert Custom HTML<\/span><span> Insert Content Template or Symbol<\/span><span> Insert Content Template or Symbol<\/span><span> Insert Content Template or Symbol<\/span><span> Add Content Block<\/span><span><span>Insert Image<\/span><\/span><a class=\"tcb-logo thrv_wrapper\" data-css=\"tve-u-175f7075054\" data-img-style=\"\" class=\"\"><img decoding=\"async\" src=\"https:\/\/enotas.com.br\/blog\/wp-content\/uploads\/2020\/09\/logo_enotas_800.png\" height=\"156\" width=\"800\" alt=\"\" style=\"\" class=\"tve-not-lazy-loaded\"><\/img><\/a><\/p>\n<h2 style=\"text-align: center;\">Let&#8217;s Hack the Patriarchy!<\/h2>\n<p><span><a href=\"#escale\"><img decoding=\"async\" alt=\"\" data-id=\"10277\" width=\"69\" data-init-width=\"400\" height=\"69\" data-init-height=\"400\" title=\"arrow_400\" loading=\"lazy\" src=\"https:\/\/enotas.com.br\/blog\/wp-content\/uploads\/2020\/09\/arrow_400.png\" data-width=\"69\" data-height=\"69\" style=\"\" data-link-wrap=\"true\"><\/a><\/span><\/p>\n<h3 style=\"text-align: center;\">Estamos em busca de mulheres talentosas para compor o nosso time e embarcar em uma aventura autom\u00e1gica! Let\u2019s \u201cHack the Patriarchy\u201d?&nbsp;<\/h3>\n<h3 style=\"text-align: center;\">&nbsp;<a href=\"https:\/\/emojipedia.org\/sparkles\/\" style=\"outline: none;\">\u2728<\/a><a href=\"https:\/\/emojipedia.org\/flexed-biceps\/\" style=\"outline: none;\">?<\/a><\/h3>\n<p><span> Insert Custom HTML<\/span><\/p>\n<p style=\"\">N\u00f3s da eNotas acreditamos que lugar de mulher \u00e9 onde ela quiser.<strong>&nbsp;<span style=\"background-color: rgba(68, 180, 214, 0.67);\">Melhor ainda se for aqui com a gente!<\/span><\/strong><span style=\"background-color: rgba(68, 180, 214, 0.67);\">&nbsp;\ud83d\ude42<\/span><\/p>\n<p style=\"\">\n<p style=\"\">Ao preencher o formul\u00e1rio ao lado com as suas informa\u00e7\u00f5es voc\u00ea n\u00e3o s\u00f3 <strong>ganha uma camiseta<\/strong>* como tamb\u00e9m entra para o nosso banco de talentos e pode fazer parte de um time que cresce cada dia mais.&nbsp;<\/p>\n<p><span><img decoding=\"async\" alt=\"\" data-id=\"13135\" width=\"373\" data-init-width=\"473\" height=\"426\" data-init-height=\"540\" title=\"enotas-hack-the-patriarchy\" loading=\"lazy\" src=\"https:\/\/enotas.com.br\/blog\/wp-content\/uploads\/2020\/11\/landing-page-hack-the-patriarchy-menor.png\" data-width=\"373\" data-height=\"426\" style=\"\"><\/span><\/p>\n<p dir=\"ltr\" style=\"\">Fique por dentro da nossa cultura e dos nossos servi\u00e7os. Acesse a nossa <a href=\"https:\/\/enotas.com.br\/jobs\/\" target=\"_blank\" style=\"outline: none;\" rel=\"noopener noreferrer\">p\u00e1gina de carreiras<\/a>, <strong><a href=\"https:\/\/enotas.com.br\/jobs\/\" target=\"_blank\" style=\"outline: none;\" rel=\"noopener noreferrer\"><span style=\"text-decoration: underline;\">clique aqui<\/span><\/a><\/strong>!<\/p>\n<p dir=\"ltr\" style=\"\">\n<p dir=\"ltr\" style=\"\">*Ah! A camiseta ser\u00e1 entregue na sua casa nos pr\u00f3ximos dias, fique atenta ao interfone&#8230;<\/p>\n<p>[tcb-script charset=&#8221;utf-8&#8243; type=&#8221;text\/javascript&#8221; src=&#8221;\/\/js.hsforms.net\/forms\/v2.js&#8221;][\/tcb-script][tcb-script]hbspt.forms.create({portalId: &#8220;618392&#8221;,formId: &#8220;6114e1eb-b773-4a37-b8af-24b6190601c3&#8221;});[\/tcb-script]<\/p>\n<h2>Quer conhecer mais sobre a eNotas e o que fazemos aqui?<\/h2>\n<p><span style=\"\"><img decoding=\"async\" alt=\"\" data-id=\"10254\" width=\"144\" data-init-width=\"800\" height=\"82\" data-init-height=\"454\" title=\"aperte-o-play_800\" loading=\"lazy\" src=\"https:\/\/enotas.com.br\/blog\/wp-content\/uploads\/2020\/09\/aperte-o-play_800.png\" data-width=\"144\" data-height=\"82\" style=\"\" mt-d=\"0\" ml-d=\"0\" mt-m=\"0\" center-v-m=\"false\"><\/span><span> Add Content Block<\/span>[rodape][\/rodape]<span> Add Content Block<\/span><span> Insert Custom HTML<\/span><span> Insert Content Template or Symbol<\/span><span> Insert Content Template or Symbol<\/span><span> Insert Content Template or Symbol<\/span><\/p>\n","protected":false},"excerpt":{"rendered":"<p>Add Content Block Add Content Block Insert Custom HTML Insert Content Template or Symbol Insert Content Template or Symbol Insert Content Template or Symbol Add Content BlockInsert Image Insert Custom HTML N\u00f3s da eNotas acreditamos que lugar de mulher \u00e9 onde ela quiser.&nbsp;Melhor ainda se for aqui com a gente!&nbsp;\ud83d\ude42 Ao preencher o formul\u00e1rio ao [&#8230;]<\/p>\n","protected":false},"author":28,"featured_media":0,"parent":0,"menu_order":0,"comment_status":"closed","ping_status":"closed","template":"template-parts\/embranco.php","meta":{"footnotes":""},"class_list":["post-13060","page","type-page","status-publish","hentry"],"_links":{"self":[{"href":"https:\/\/enotas.com.br\/blog\/wp-json\/wp\/v2\/pages\/13060","targetHints":{"allow":["GET"]}}],"collection":[{"href":"https:\/\/enotas.com.br\/blog\/wp-json\/wp\/v2\/pages"}],"about":[{"href":"https:\/\/enotas.com.br\/blog\/wp-json\/wp\/v2\/types\/page"}],"author":[{"embeddable":true,"href":"https:\/\/enotas.com.br\/blog\/wp-json\/wp\/v2\/users\/28"}],"replies":[{"embeddable":true,"href":"https:\/\/enotas.com.br\/blog\/wp-json\/wp\/v2\/comments?post=13060"}],"version-history":[{"count":33,"href":"https:\/\/enotas.com.br\/blog\/wp-json\/wp\/v2\/pages\/13060\/revisions"}],"predecessor-version":[{"id":13141,"href":"https:\/\/enotas.com.br\/blog\/wp-json\/wp\/v2\/pages\/13060\/revisions\/13141"}],"wp:attachment":[{"href":"https:\/\/enotas.com.br\/blog\/wp-json\/wp\/v2\/media?parent=13060"}],"curies":[{"name":"wp","href":"https:\/\/api.w.org\/{rel}","templated":true}]}}