{"id":13297,"date":"2020-12-01T11:00:44","date_gmt":"2020-12-01T13:00:44","guid":{"rendered":"https:\/\/enotas.com.br\/blog\/?page_id=13297"},"modified":"2021-03-17T14:58:01","modified_gmt":"2021-03-17T17:58:01","slug":"desafio-devday","status":"publish","type":"page","link":"https:\/\/enotas.com.br\/blog\/desafio-devday\/","title":{"rendered":"Desafio DEVDAY"},"content":{"rendered":"<p><span> Add Content Block<\/span><span> Add Content Block<\/span><span> Insert Custom HTML<\/span><span> Insert Content Template or Symbol<\/span><span> Insert Content Template or Symbol<\/span><span> Insert Content Template or Symbol<\/span><span> Add Content Block<\/span><span><span>Insert Image<\/span><\/span><a class=\"tcb-logo thrv_wrapper\" data-css=\"tve-u-1761e2c78d0\" data-img-style=\"width: 100%;\" class=\"\"><img decoding=\"async\" src=\"https:\/\/enotas.com.br\/blog\/wp-content\/uploads\/2020\/12\/Logo-eNotas.png\" height=\"136\" width=\"574\" alt=\"\" style=\"width: 100%;\" class=\"tve-not-lazy-loaded\"><\/img><\/a><span><img decoding=\"async\" alt=\"\" data-id=\"13327\" width=\"242\" data-init-width=\"761\" height=\"285\" data-init-height=\"895\" title=\"Landing-page-Desafio-CapaD\" loading=\"lazy\" src=\"https:\/\/enotas.com.br\/blog\/wp-content\/uploads\/2020\/12\/Landing-page-Desafio-CapaD.png\" data-width=\"242\" data-height=\"285\" style=\"\" ml-d=\"0\" ml-m=\"-1\"><\/span><\/p>\n<h2 style=\"text-align: center;\">Esse desafio \u00e9 para voc\u00ea!<\/h2>\n<p><span><a href=\"#escale\"><img decoding=\"async\" alt=\"\" data-id=\"10277\" width=\"69\" data-init-width=\"400\" height=\"69\" data-init-height=\"400\" title=\"arrow_400\" loading=\"lazy\" src=\"https:\/\/enotas.com.br\/blog\/wp-content\/uploads\/2020\/09\/arrow_400.png\" data-width=\"69\" data-height=\"69\" style=\"\" data-link-wrap=\"true\"><\/a><\/span><\/p>\n<h3 style=\"text-align: center;\">Se voc\u00ea chegou at\u00e9 aqui \u00e9 porque certamente adora um desafio<\/h3>\n<h3 style=\"text-align: center;\">e joga em alto n\u00edvel t\u00e9cnico! <a href=\"https:\/\/emojipedia.org\/sparkles\/\" style=\"outline: none;\"><\/a><a href=\"https:\/\/emojipedia.org\/flexed-biceps\/\" style=\"outline: none;\">?<\/a><\/h3>\n<p><span> Insert Custom HTML<\/span><\/p>\n<p dir=\"ltr\" style=\"text-align: left;\"><span>Agora s\u00f3 faltam mais alguns passos para voc\u00ea concorrer ao<\/span><span>\u201c<span style=\"color: rgb(22, 22, 22);\"><span><strong style=\"outline: none;\"><span><span><a href=\"https:\/\/www2.razer.com\/br-pt\/gaming-audio\/razer-blackshark-v2\" target=\"_blank\" style=\"outline: none;\" rel=\"noopener noreferrer\">Headset Gamer Razer BlackShark V<\/a>2&#8243;<\/span><\/span><\/strong><\/span><\/span><\/span><span><span><span style=\"color: rgb(22, 22, 22);\"><span>.<\/span> <\/span>V<\/span>amos l\u00e1?&nbsp;<\/span><\/p>\n<p dir=\"ltr\" style=\"text-align: left;\">Ao preencher o formul\u00e1rio com as suas informa\u00e7\u00f5es voc\u00ea ser\u00e1 direcionado para um link onde vai encontrar o nosso desafio feito <strong>exclusivo para os participantes do DEVDAY 2020<\/strong>.<\/p>\n<p dir=\"ltr\" style=\"text-align: left;\">O participante que tiver a maior nota vai ganhar essa belezinha aqui:<\/p>\n<p><span><a href=\"https:\/\/www2.razer.com\/br-pt\/gaming-audio\/razer-blackshark-v2\" target=\"_blank\" rel=\"noopener noreferrer\"><img decoding=\"async\" alt=\"\" data-id=\"13305\" width=\"500\" data-init-width=\"1200\" height=\"262\" data-init-height=\"630\" title=\"razer-blackshark-v2-2020-OGimage\" loading=\"lazy\" src=\"https:\/\/enotas.com.br\/blog\/wp-content\/uploads\/2020\/12\/razer-blackshark-v2-2020-OGimage.jpg\" data-width=\"500\" data-height=\"262\" style=\"\" ml-d=\"-1\" data-link-wrap=\"true\"><\/a><\/span><span><span>Insert Image<\/span><\/span><span><span>Insert Image<\/span><\/span><span><span>Insert Image<\/span><\/span><\/p>\n<p dir=\"ltr\" style=\"text-align: left;\">Se houver empates, iremos sortear o pr\u00eamio. &nbsp;<a href=\"https:\/\/emojipedia.org\/crossed-fingers\/\" style=\"outline: none;\">?<\/a><a href=\"https:\/\/emojipedia.org\/st-patricks-day\/\" style=\"outline: none;\">\u2618\ufe0f<\/a>&nbsp;&nbsp;<\/p>\n<p dir=\"ltr\" style=\"text-align: left;\">&nbsp;&nbsp;<\/p>\n<p dir=\"ltr\" style=\"text-align: left;\">Ah, e voc\u00ea ainda vai entrar para o nosso banco de talentos.<\/p>\n<p dir=\"ltr\" style=\"text-align: left;\">O resultado do sorteio ser\u00e1 enviado para o seu e-mail e divulgado nas nossas redes sociais. Fique atento(a)!&nbsp;<\/p>\n<p>[tcb-script charset=&#8221;utf-8&#8243; type=&#8221;text\/javascript&#8221; src=&#8221;\/\/js.hsforms.net\/forms\/v2.js&#8221;][\/tcb-script][tcb-script]hbspt.forms.create({portalId: &#8220;618392&#8221;,formId: &#8220;0dcedf9c-a40c-4c08-9b7f-65ab7d452f02&#8221;});[\/tcb-script]<\/p>\n<h2>Quer conhecer mais sobre a eNotas e o que fazemos aqui?<\/h2>\n<p><span style=\"\"><img decoding=\"async\" alt=\"\" data-id=\"10254\" width=\"144\" data-init-width=\"800\" height=\"82\" data-init-height=\"454\" title=\"aperte-o-play_800\" loading=\"lazy\" src=\"https:\/\/enotas.com.br\/blog\/wp-content\/uploads\/2020\/09\/aperte-o-play_800.png\" data-width=\"144\" data-height=\"82\" style=\"\" mt-d=\"0\" ml-d=\"0\" mt-m=\"0\" center-v-m=\"false\"><\/span><span> Add Content Block<\/span>[rodape][\/rodape]<span> Add Content Block<\/span><span> Insert Custom HTML<\/span><span> Insert Content Template or Symbol<\/span><span> Insert Content Template or Symbol<\/span><span> Insert Content Template or Symbol<\/span><\/p>\n","protected":false},"excerpt":{"rendered":"<p>Add Content Block Add Content Block Insert Custom HTML Insert Content Template or Symbol Insert Content Template or Symbol Insert Content Template or Symbol Add Content BlockInsert Image Insert Custom HTML Agora s\u00f3 faltam mais alguns passos para voc\u00ea concorrer ao\u201cHeadset Gamer Razer BlackShark V2&#8243;. Vamos l\u00e1?&nbsp; Ao preencher o formul\u00e1rio com as suas informa\u00e7\u00f5es [&#8230;]<\/p>\n","protected":false},"author":28,"featured_media":0,"parent":0,"menu_order":0,"comment_status":"closed","ping_status":"closed","template":"template-parts\/embranco.php","meta":{"footnotes":""},"class_list":["post-13297","page","type-page","status-publish","hentry"],"_links":{"self":[{"href":"https:\/\/enotas.com.br\/blog\/wp-json\/wp\/v2\/pages\/13297","targetHints":{"allow":["GET"]}}],"collection":[{"href":"https:\/\/enotas.com.br\/blog\/wp-json\/wp\/v2\/pages"}],"about":[{"href":"https:\/\/enotas.com.br\/blog\/wp-json\/wp\/v2\/types\/page"}],"author":[{"embeddable":true,"href":"https:\/\/enotas.com.br\/blog\/wp-json\/wp\/v2\/users\/28"}],"replies":[{"embeddable":true,"href":"https:\/\/enotas.com.br\/blog\/wp-json\/wp\/v2\/comments?post=13297"}],"version-history":[{"count":36,"href":"https:\/\/enotas.com.br\/blog\/wp-json\/wp\/v2\/pages\/13297\/revisions"}],"predecessor-version":[{"id":14191,"href":"https:\/\/enotas.com.br\/blog\/wp-json\/wp\/v2\/pages\/13297\/revisions\/14191"}],"wp:attachment":[{"href":"https:\/\/enotas.com.br\/blog\/wp-json\/wp\/v2\/media?parent=13297"}],"curies":[{"name":"wp","href":"https:\/\/api.w.org\/{rel}","templated":true}]}}