{"id":18232,"date":"2021-04-16T14:22:53","date_gmt":"2021-04-16T17:22:53","guid":{"rendered":"https:\/\/enotas.com.br\/blog\/?page_id=18232"},"modified":"2021-05-12T12:14:32","modified_gmt":"2021-05-12T15:14:32","slug":"masterclass-pagamentos-recorrentes","status":"publish","type":"page","link":"https:\/\/enotas.com.br\/blog\/masterclass-pagamentos-recorrentes\/","title":{"rendered":"[Masterclass] Pagamentos recorrentes: como evitar erros comuns em sua empresa?"},"content":{"rendered":"<p><span><img decoding=\"async\" alt=\"\" data-id=\"18244\" width=\"278\" data-init-width=\"1518\" height=\"41\" data-init-height=\"223\" title=\"eNotas + Iugu\" loading=\"lazy\" src=\"https:\/\/enotas.com.br\/blog\/wp-content\/uploads\/2021\/04\/eNotas-Iugu.png\" data-width=\"278\" data-height=\"41\" style=\"\" ml-d=\"0\"><\/span><span>08<\/span>DIAS<span style=\"\">.<\/span>&nbsp;<span>22<\/span>HORAS<span style=\"\">.<\/span>&nbsp;<span>45<\/span>MINUTOS<span style=\"\">.<\/span>&nbsp;<span>59<\/span>SEGUNDOS <\/p>\n<p style=\"text-align: center;\">You missed out!<\/p>\n<h1 style=\"text-align: center;\">MASTERCLASS<\/h1>\n<h1 style=\"text-align: center;\">Pagamentos recorrentes: como evitar erros comuns em sua empresa?<\/h1>\n<p style=\"text-align: center;\">Veja como especialistas alavancam empresas com as melhores pr\u00e1ticas do mercado de pagamentos<\/p>\n<p style=\"text-align: center;\"><strong>Aprenda como otimizar o pagamento recorrente na sua empresa e aumentar o seu faturamento!<\/strong><\/p>\n<p style=\"text-align: center;\"><strong>Quarta-feira <strong><strong>|&nbsp;<\/strong><\/strong>28 de Abril |<strong>&nbsp;<\/strong>16h<\/strong><\/p>\n<p><span><img decoding=\"async\" alt=\"\" data-id=\"18463\" width=\"151\" data-init-width=\"804\" height=\"151\" data-init-height=\"804\" title=\"Ativo 5@2x\" loading=\"lazy\" src=\"https:\/\/enotas.com.br\/blog\/wp-content\/uploads\/2021\/04\/Ativo-5@2x.png\" data-width=\"151\" data-height=\"151\" style=\"\"><\/span><\/p>\n<h6 style=\"text-align: center;\">RENATA &#8211; HEAD de finan\u00e7as nA ENOTAS<\/h6>\n<p style=\"text-align: center;\">Renata lidera os departamentos financeiro, controladoria, planejamento estrat\u00e9gico, ci\u00eancia de dados e jur\u00eddico na eNotas. Tem muita experi\u00eancia em estrutura\u00e7\u00e3o de equipes, implementa\u00e7\u00e3o de processos e gest\u00e3o de times multidisciplinares com foco em performance.<\/p>\n<p><span><img decoding=\"async\" alt=\"\" data-id=\"18295\" width=\"151\" data-init-width=\"805\" height=\"151\" data-init-height=\"805\" title=\"Filipe\" loading=\"lazy\" src=\"https:\/\/enotas.com.br\/blog\/wp-content\/uploads\/2021\/04\/Filipe.png\" data-width=\"151\" data-height=\"151\" style=\"\"><\/span><\/p>\n<h6 style=\"text-align: center;\">FILIPE &#8211; PRODUCT MANAGER NA IUGU<\/h6>\n<p style=\"text-align: center;\">Filipe tem ampla experi\u00eancia no mercado financeiro, coordenando a equipe de elabora\u00e7\u00e3o de novos planos e solu\u00e7\u00f5es. Ele \u00e9 especialista em gest\u00e3o de projetos e jornada de produto em empresas do setor.<\/p>\n<h2 style=\"\"><strong>Inscreva-se agora para participar:<\/strong><\/h2>\n<p><!--[if lte IE 8]>[tcb-script charset=\"utf-8\" type=\"text\/javascript\" src=\"\/\/js.hsforms.net\/forms\/v2.js\"][\/tcb-script][tcb-script]hbspt.forms.create({region: \"na1\",portalId: \"618392\",formId: \"b5dc97b0-8058-4eb7-8493-fcf998d5006c\"});[\/tcb-script]\n\n<p style=\"text-align: center;\"><strong>Como essa Masterclass vai te ajudar?<\/strong><\/p>\n\n\n\n<h4 style=\"\"><strong>Aumente o faturamento <\/strong><\/h4>\n\n\n\n<p style=\"\">Veja como automatizar processos pode impactar diretamente no seu resultado financeiro.<\/p>\n\n\n\n<h4 style=\"\"><strong>Analise os indicadores corretos<\/strong><\/h4>\n\n\n\n<p style=\"\">Aprenda as principais m\u00e9tricas para mensurar e acompanhar os resultados da sua empresa.<\/p>\n\n\n\n<h4 style=\"\"><strong>Melhore a experi\u00eancia dos seus clientes<\/strong><\/h4>\n\n\n\n<p style=\"\">Veja como personalizar o seu servi\u00e7o e melhorar a experi\u00eancia de pagamento dos seus clientes.<\/p>\n\n<span><a href=\"https:\/\/enotas.com.br\/\" target=\"_blank\" rel=\"noopener noreferrer\"><img decoding=\"async\" alt=\"enotas-logo\" data-id=\"2107\" width=\"166\" data-init-width=\"500\" height=\"35\" data-init-height=\"104\" title=\"logo_eNotas_Sem_Fundo-BRANCO\" src=\"https:\/\/enotas.com.br\/blog\/wp-content\/uploads\/2017\/09\/logo_eNotas_Sem_Fundo-BRANCO-e1574308896236.png\" data-width=\"166\" data-height=\"35\" style=\"\" loading=\"lazy\" data-link-wrap=\"1\"><\/a><\/span> \n\n<p style=\"\">Utilizamos nossa tecnologia para dar mais liberdade \u00e0s empresas que querem crescer rapidamente focando no que fazem de melhor no mundo, enquanto cuidamos de suas notas fiscais.<\/p>\n\n<a href=\"https:\/\/www.facebook.com\/enotasoficial\" target=\"_blank\" rel=\"nofollow noopener noreferrer\" data-id=\"facebook\"><span style=\"\"><\/span><\/a><a href=\"https:\/\/br.linkedin.com\/company\/enotas\" target=\"_blank\" rel=\"nofollow noopener noreferrer\" data-id=\"icon-linkedin\"><span style=\"\"><\/span><\/a><a href=\"https:\/\/www.youtube.com\/user\/eNotasOficial\" target=\"_blank\" rel=\"nofollow noopener noreferrer\" data-id=\"icon-youtube\"><span style=\"\"><\/span><\/a><a href=\"https:\/\/www.instagram.com\/enotasoficial\/\" target=\"_blank\" rel=\"nofollow noopener noreferrer\" data-id=\"icon-instagram\"><span style=\"\"><\/span><\/a>\n\n<p style=\"\">eNotas - Feito com&nbsp;&nbsp;<img decoding=\"async\" src=\"https:\/\/enotas.com.br\/blog\/wp-content\/themes\/enotas-4.3\/ativos\/img\/icones\/coracao.svg\" data-src=\"https:\/\/enotas.com.br\/blog\/wp-content\/themes\/enotas-4.3\/ativos\/img\/icones\/coracao.svg\" alt=\"icone cora\u00e7\u00e3o\" data-loaded=\"true\" loading=\"lazy\">&nbsp;&nbsp;em Belo Horizonte, desde 2011.<\/p>\n\n\n<\/p>\n","protected":false},"excerpt":{"rendered":"<p>08DIAS.&nbsp;22HORAS.&nbsp;45MINUTOS.&nbsp;59SEGUNDOS You missed out! Veja como especialistas alavancam empresas com as melhores pr\u00e1ticas do mercado de pagamentos Aprenda como otimizar o pagamento recorrente na sua empresa e aumentar o seu faturamento! Quarta-feira |&nbsp;28 de Abril |&nbsp;16h Renata lidera os departamentos financeiro, controladoria, planejamento estrat\u00e9gico, ci\u00eancia de dados e jur\u00eddico na eNotas. Tem muita experi\u00eancia em [&#8230;]<\/p>\n","protected":false},"author":28,"featured_media":0,"parent":0,"menu_order":0,"comment_status":"closed","ping_status":"closed","template":"template-parts\/embranco.php","meta":{"footnotes":""},"class_list":["post-18232","page","type-page","status-publish","hentry"],"_links":{"self":[{"href":"https:\/\/enotas.com.br\/blog\/wp-json\/wp\/v2\/pages\/18232","targetHints":{"allow":["GET"]}}],"collection":[{"href":"https:\/\/enotas.com.br\/blog\/wp-json\/wp\/v2\/pages"}],"about":[{"href":"https:\/\/enotas.com.br\/blog\/wp-json\/wp\/v2\/types\/page"}],"author":[{"embeddable":true,"href":"https:\/\/enotas.com.br\/blog\/wp-json\/wp\/v2\/users\/28"}],"replies":[{"embeddable":true,"href":"https:\/\/enotas.com.br\/blog\/wp-json\/wp\/v2\/comments?post=18232"}],"version-history":[{"count":139,"href":"https:\/\/enotas.com.br\/blog\/wp-json\/wp\/v2\/pages\/18232\/revisions"}],"predecessor-version":[{"id":19646,"href":"https:\/\/enotas.com.br\/blog\/wp-json\/wp\/v2\/pages\/18232\/revisions\/19646"}],"wp:attachment":[{"href":"https:\/\/enotas.com.br\/blog\/wp-json\/wp\/v2\/media?parent=18232"}],"curies":[{"name":"wp","href":"https:\/\/api.w.org\/{rel}","templated":true}]}}