{"id":18604,"date":"2021-04-22T17:56:00","date_gmt":"2021-04-22T20:56:00","guid":{"rendered":"https:\/\/enotas.com.br\/blog\/?page_id=18604"},"modified":"2022-10-20T13:14:40","modified_gmt":"2022-10-20T16:14:40","slug":"obrigado-masterclass-enotas-iugu","status":"publish","type":"page","link":"https:\/\/enotas.com.br\/blog\/obrigado-masterclass-enotas-iugu\/","title":{"rendered":"Obrigado por se inscrever &#8211; Masterclass Pagamentos Recorrentes"},"content":{"rendered":"<p><span>Select Columns Layout<\/span><span style=\"\"><a href=\"https:\/\/enotas.com.br\" target=\"_blank\" rel=\"noopener\"><img decoding=\"async\" alt=\"LP-enotas-logo\" data-id=\"18613\" width=\"133\" data-init-width=\"938\" height=\"29\" data-init-height=\"202\" title=\"LP-enotas-logo\" loading=\"lazy\" src=\"https:\/\/enotas.com.br\/blog\/wp-content\/uploads\/2021\/04\/LP-enotas-logo.png\" data-width=\"133\" data-height=\"29\" style=\"margin-left: 0px;\" mt-d=\"-1\" data-link-wrap=\"true\" mt-m=\"0\"><\/a><\/span><span><a href=\"https:\/\/www.iugu.com\/\" target=\"_blank\" rel=\"noopener\"><img decoding=\"async\" alt=\"\" data-id=\"18614\" width=\"106\" data-init-width=\"774\" height=\"43\" data-init-height=\"316\" title=\"LP-iugu-logo\" loading=\"lazy\" src=\"https:\/\/enotas.com.br\/blog\/wp-content\/uploads\/2021\/04\/LP-iugu-logo.png\" data-width=\"106\" data-height=\"43\" style=\"\" data-link-wrap=\"true\"><\/a><\/span><\/p>\n<p style=\"text-align: center;\"><strong>Obrigado por se inscrever<\/strong><\/p>\n<p style=\"text-align: center;\">na nossa Masterclass!<\/p>\n<p><span style=\"\"><img decoding=\"async\" alt=\"\" data-id=\"18617\" width=\"320\" data-init-width=\"1208\" height=\"326\" data-init-height=\"1229\" title=\"foguete-4\" loading=\"lazy\" src=\"https:\/\/enotas.com.br\/blog\/wp-content\/uploads\/2021\/04\/foguete-4.png\" data-width=\"320\" data-height=\"326\" style=\"\" ml-d=\"0\" ml-m=\"0\" mt-m=\"-1\"><\/span><span><a href=\"#tve-jump-178fb317d11\" rel=\"\"><img decoding=\"async\" alt=\"\" data-id=\"18619\" width=\"70\" data-init-width=\"100\" height=\"70\" data-init-height=\"100\" title=\"LP-icone-seta\" loading=\"lazy\" src=\"https:\/\/enotas.com.br\/blog\/wp-content\/uploads\/2021\/04\/LP-icone-seta.png\" data-width=\"70\" data-height=\"70\" style=\"\" data-link-wrap=\"true\" ml-m=\"0\"><\/a><\/span><\/p>\n<p style=\"text-align: center;\"><strong>Como essa Masterclass vai te ajudar?<\/strong><\/p>\n<ul>\n<li><span style=\"\">Veja como <strong>automatizar processos<\/strong> pode impactar diretamente no seu resultado financeiro.<\/span><\/li>\n<li><span style=\"\">Veja como <strong>personalizar o seu servi\u00e7o<\/strong> e melhorar a experi\u00eancia de pagamento dos seus clientes.<\/span><\/li>\n<li><span style=\"\">Aprenda as principais m\u00e9tricas para <strong>mensurar e acompanhar os resultados<\/strong> da sua empresa.<\/span><\/li>\n<\/ul>\n<p>[rodape][\/rodape]<span> Insert Countdown<\/span><span><span>Insert Image<\/span><\/span><span><span>Insert Image<\/span><\/span><span><span>Insert Image<\/span><\/span><\/p>\n","protected":false},"excerpt":{"rendered":"<p>Select Columns Layout Obrigado por se inscrever na nossa Masterclass! Como essa Masterclass vai te ajudar? Veja como automatizar processos pode impactar diretamente no seu resultado financeiro. Veja como personalizar o seu servi\u00e7o e melhorar a experi\u00eancia de pagamento dos seus clientes. Aprenda as principais m\u00e9tricas para mensurar e acompanhar os resultados da sua empresa. [&#8230;]<\/p>\n","protected":false},"author":28,"featured_media":18652,"parent":0,"menu_order":0,"comment_status":"closed","ping_status":"closed","template":"template-parts\/embranco.php","meta":{"footnotes":""},"class_list":["post-18604","page","type-page","status-publish","has-post-thumbnail","hentry"],"_links":{"self":[{"href":"https:\/\/enotas.com.br\/blog\/wp-json\/wp\/v2\/pages\/18604","targetHints":{"allow":["GET"]}}],"collection":[{"href":"https:\/\/enotas.com.br\/blog\/wp-json\/wp\/v2\/pages"}],"about":[{"href":"https:\/\/enotas.com.br\/blog\/wp-json\/wp\/v2\/types\/page"}],"author":[{"embeddable":true,"href":"https:\/\/enotas.com.br\/blog\/wp-json\/wp\/v2\/users\/28"}],"replies":[{"embeddable":true,"href":"https:\/\/enotas.com.br\/blog\/wp-json\/wp\/v2\/comments?post=18604"}],"version-history":[{"count":75,"href":"https:\/\/enotas.com.br\/blog\/wp-json\/wp\/v2\/pages\/18604\/revisions"}],"predecessor-version":[{"id":27145,"href":"https:\/\/enotas.com.br\/blog\/wp-json\/wp\/v2\/pages\/18604\/revisions\/27145"}],"wp:featuredmedia":[{"embeddable":true,"href":"https:\/\/enotas.com.br\/blog\/wp-json\/wp\/v2\/media\/18652"}],"wp:attachment":[{"href":"https:\/\/enotas.com.br\/blog\/wp-json\/wp\/v2\/media?parent=18604"}],"curies":[{"name":"wp","href":"https:\/\/api.w.org\/{rel}","templated":true}]}}