{"id":20327,"date":"2021-06-15T12:13:04","date_gmt":"2021-06-15T15:13:04","guid":{"rendered":"https:\/\/enotas.com.br\/blog\/?page_id=20327"},"modified":"2021-06-15T15:34:46","modified_gmt":"2021-06-15T18:34:46","slug":"masterclass-indicadores-saas","status":"publish","type":"page","link":"https:\/\/enotas.com.br\/blog\/masterclass-indicadores-saas\/","title":{"rendered":"[Masterclass] Como superar os desafios de escalar uma empresa SaaS acompanhando os indicadores certos"},"content":{"rendered":"<p><span><img decoding=\"async\" alt=\"Masterclass eNotas Siteware Logos\" data-id=\"20554\" width=\"292\" data-init-width=\"1017\" height=\"26\" data-init-height=\"92\" title=\"Masterclass eNotas Siteware\" loading=\"lazy\" src=\"https:\/\/enotas.com.br\/blog\/wp-content\/uploads\/2021\/06\/WEBINAR_ENOTAS_3.png\" data-width=\"292\" data-height=\"26\" style=\"\" ml-d=\"0\" ml-m=\"0\"><\/span><span><img decoding=\"async\" alt=\"Masterclass eNotas Siteware Logos\" data-id=\"20554\" width=\"292\" data-init-width=\"1017\" height=\"26\" data-init-height=\"92\" title=\"Masterclass eNotas Siteware\" loading=\"lazy\" src=\"https:\/\/enotas.com.br\/blog\/wp-content\/uploads\/2021\/06\/WEBINAR_ENOTAS_3.png\" data-width=\"292\" data-height=\"26\" style=\"\" ml-d=\"0\"><\/span><\/p>\n<h1 style=\"text-align: left;\">MASTERCLASS<\/h1>\n<h1 style=\"text-align: left;\">Como superar os desafios de escalar uma empresa SaaS acompanhando os indicadores certos<\/h1>\n<h1 style=\"text-align: center;\">MASTERCLASS<\/h1>\n<h1 style=\"text-align: center;\">Como superar os desafios de escalar uma empresa SaaS acompanhando os indicadores certos<\/h1>\n<p style=\"text-align: left;\">Empresas de Software podem chegar a um momento crucial: estagna\u00e7\u00e3o ou escala do neg\u00f3cio. Saiba como utilizar essa situa\u00e7\u00e3o ao seu favor!<\/p>\n<p style=\"text-align: center;\">Empresas de Software podem chegar a um momento crucial: estagna\u00e7\u00e3o ou escala do neg\u00f3cio. Saiba como utilizar essa situa\u00e7\u00e3o ao seu favor!<\/p>\n<p><span><img decoding=\"async\" alt=\"Masterclass eNotas Siteware\" data-id=\"20539\" width=\"531\" data-init-width=\"960\" height=\"415\" data-init-height=\"751\" title=\"Masterclass eNotas Siteware\" loading=\"lazy\" src=\"https:\/\/enotas.com.br\/blog\/wp-content\/uploads\/2021\/06\/WEBINAR_ENOTAS_1.png\" data-width=\"531\" data-height=\"415\" style=\"\" ml-t=\"-1\"><\/span><span><img decoding=\"async\" alt=\"Masterclass eNotas Siteware\" data-id=\"20539\" width=\"531\" data-init-width=\"960\" height=\"415\" data-init-height=\"751\" title=\"Masterclass eNotas Siteware\" loading=\"lazy\" src=\"https:\/\/enotas.com.br\/blog\/wp-content\/uploads\/2021\/06\/WEBINAR_ENOTAS_1.png\" data-width=\"531\" data-height=\"415\" style=\"\" ml-t=\"-1\"><\/span><\/p>\n<p style=\"text-align: center;\"><strong>Aprenda como escalar r\u00e1pido e fazer gest\u00e3o de indicadores do seu neg\u00f3cio com as melhores pr\u00e1ticas do mercado<\/strong><\/p>\n<p style=\"text-align: center;\"><strong>Ter\u00e7a-feira&nbsp;<strong><strong>|&nbsp;<\/strong><\/strong>22 de Junho |<strong>&nbsp;<\/strong>19h<\/strong><\/p>\n<p><span><img decoding=\"async\" alt=\"\" data-id=\"18463\" width=\"151\" data-init-width=\"804\" height=\"151\" data-init-height=\"804\" title=\"Ativo 5@2x\" loading=\"lazy\" src=\"https:\/\/enotas.com.br\/blog\/wp-content\/uploads\/2021\/04\/Ativo-5@2x.png\" data-width=\"151\" data-height=\"151\" style=\"\"><\/span><\/p>\n<h6 style=\"text-align: center;\">RENATA FONSECA<\/h6>\n<h6 style=\"text-align: center;\"><span style=\"font-weight: normal;\">HEAD de finan\u00e7as nA ENOTAS<\/span><\/h6>\n<p style=\"text-align: center;\">Renata lidera os departamentos financeiro, controladoria, planejamento estrat\u00e9gico, ci\u00eancia de dados e jur\u00eddico na eNotas. Tem muita experi\u00eancia em estrutura\u00e7\u00e3o de equipes, implementa\u00e7\u00e3o de processos e gest\u00e3o de times multidisciplinares com foco em performance.<\/p>\n<p><span><img decoding=\"async\" alt=\"Paulo Vitor Siteware\" data-id=\"20591\" width=\"151\" data-init-width=\"300\" height=\"151\" data-init-height=\"300\" title=\"Masterclass eNotas Siteware\" loading=\"lazy\" src=\"https:\/\/enotas.com.br\/blog\/wp-content\/uploads\/2021\/06\/WEBINAR_ENOTAS_5.png\" data-width=\"151\" data-height=\"151\" style=\"\"><\/span><\/p>\n<h6 style=\"text-align: center;\">paulo vitor<\/h6>\n<h6 style=\"text-align: center;\"><span style=\"font-weight: normal;\">product manager na siteware<\/span><\/h6>\n<p style=\"text-align: center;\">Filipe tem ampla experi\u00eancia no mercado financeiro, coordenando a equipe de elabora\u00e7\u00e3o de novos planos e solu\u00e7\u00f5es. Ele \u00e9 especialista em gest\u00e3o de projetos e jornada de produto em empresas do setor.<\/p>\n<h2 style=\"\"><strong>Inscreva-se agora para participar:<\/strong><\/h2>\n<p><!--[if lte IE 8]>[tcb-script charset=\"utf-8\" type=\"text\/javascript\" src=\"\/\/js.hsforms.net\/forms\/v2.js\"][\/tcb-script][tcb-script]hbspt.forms.create({region: \"na1\",portalId: \"618392\",formId: \"8b150712-dcd9-438b-95be-5e02e437d000\"});[\/tcb-script]\n\n\n<p style=\"text-align: center;\"><strong>Como essa Masterclass vai te ajudar?<\/strong><\/p>\n\n\n\n\n\n<h4 style=\"\"><strong>Aprenda como fazer a gest\u00e3o correta dos seus indicadores<\/strong><\/h4>\n\n\n\n\n<p style=\"\">Saiba qual \u00e9 o momento para iniciar a an\u00e1lise de indicadores, como acompanh\u00e1-los de forma estrat\u00e9gica e superar as barreiras e resist\u00eancias desse processo.&nbsp;<\/p>\n\n\n\n\n\n<h4><strong>Saiba como superar os desafios em momentos de crise<\/strong><\/h4>\n\n\n\n\n<p style=\"\">Uma empresa pode escalar muito r\u00e1pido e isso pode gerar momentos de crise. Veja como superar esses desafios de forma estrat\u00e9gica.<\/p>\n\n\n\n\n\n<h4><strong>Veja como escalar seu neg\u00f3cio com as melhores pr\u00e1ticas e ferramentas<\/strong><\/h4>\n\n\n\n\n<p style=\"\">Aprenda como usar a estrat\u00e9gia de indicadores para te ajudar a escalar seu neg\u00f3cio facilmente e ferramentas que agilizam esse movimento.<\/p>\n\n\n\n<span><a href=\"https:\/\/enotas.com.br\/\" target=\"_blank\" rel=\"noopener noreferrer\"><img decoding=\"async\" alt=\"enotas-logo\" data-id=\"2107\" width=\"166\" data-init-width=\"500\" height=\"35\" data-init-height=\"104\" title=\"logo_eNotas_Sem_Fundo-BRANCO\" src=\"https:\/\/enotas.com.br\/blog\/wp-content\/uploads\/2017\/09\/logo_eNotas_Sem_Fundo-BRANCO-e1574308896236.png\" data-width=\"166\" data-height=\"35\" style=\"\" loading=\"lazy\" data-link-wrap=\"1\"><\/a><\/span>\n\n\n<p style=\"\">Utilizamos nossa tecnologia para dar mais liberdade \u00e0s empresas que querem crescer rapidamente focando no que fazem de melhor no mundo, enquanto cuidamos de suas notas fiscais.<\/p>\n\n\n\n<a href=\"https:\/\/www.instagram.com\/enotasoficial\/\" target=\"_blank\" rel=\"nofollow noopener noreferrer\" data-id=\"icon-instagram\"><span><\/span><\/a><a href=\"https:\/\/br.linkedin.com\/company\/enotas\" target=\"_blank\" rel=\"nofollow noopener noreferrer\" data-id=\"icon-linkedin\"><span><\/span><\/a><a href=\"https:\/\/www.facebook.com\/enotasoficial\" target=\"_blank\" rel=\"nofollow noopener noreferrer\" data-id=\"icon-facebook\"><span><\/span><\/a><a href=\"https:\/\/www.youtube.com\/user\/eNotasOficial\" target=\"_blank\" rel=\"nofollow noopener noreferrer\" data-id=\"icon-youtube\"><span><\/span><\/a><a href=\"[thrive_global_fields_url id=t]\" target=\"_blank\" rel=\"nofollow noopener noreferrer\" data-dynamic-link=\"thrive_global_fields_url\" data-shortcode-id=\"t\" data-id=\"icon-twitter\"><span><\/span><\/a>\n\n\n<p style=\"\">eNotas - Feito com&nbsp;&nbsp;<img decoding=\"async\" src=\"https:\/\/enotas.com.br\/blog\/wp-content\/themes\/enotas-4.3\/ativos\/img\/icones\/coracao.svg\" data-src=\"https:\/\/enotas.com.br\/blog\/wp-content\/themes\/enotas-4.3\/ativos\/img\/icones\/coracao.svg\" alt=\"icone cora\u00e7\u00e3o\" data-loaded=\"true\" loading=\"lazy\">&nbsp;&nbsp;em Belo Horizonte, desde 2011.<\/p>\n\n\n\n--><\/p>\n","protected":false},"excerpt":{"rendered":"<p>Empresas de Software podem chegar a um momento crucial: estagna\u00e7\u00e3o ou escala do neg\u00f3cio. Saiba como utilizar essa situa\u00e7\u00e3o ao seu favor! Empresas de Software podem chegar a um momento crucial: estagna\u00e7\u00e3o ou escala do neg\u00f3cio. Saiba como utilizar essa situa\u00e7\u00e3o ao seu favor! Aprenda como escalar r\u00e1pido e fazer gest\u00e3o de indicadores do seu [&#8230;]<\/p>\n","protected":false},"author":28,"featured_media":20669,"parent":0,"menu_order":0,"comment_status":"closed","ping_status":"closed","template":"","meta":{"footnotes":""},"class_list":["post-20327","page","type-page","status-publish","has-post-thumbnail","hentry"],"_links":{"self":[{"href":"https:\/\/enotas.com.br\/blog\/wp-json\/wp\/v2\/pages\/20327","targetHints":{"allow":["GET"]}}],"collection":[{"href":"https:\/\/enotas.com.br\/blog\/wp-json\/wp\/v2\/pages"}],"about":[{"href":"https:\/\/enotas.com.br\/blog\/wp-json\/wp\/v2\/types\/page"}],"author":[{"embeddable":true,"href":"https:\/\/enotas.com.br\/blog\/wp-json\/wp\/v2\/users\/28"}],"replies":[{"embeddable":true,"href":"https:\/\/enotas.com.br\/blog\/wp-json\/wp\/v2\/comments?post=20327"}],"version-history":[{"count":179,"href":"https:\/\/enotas.com.br\/blog\/wp-json\/wp\/v2\/pages\/20327\/revisions"}],"predecessor-version":[{"id":20697,"href":"https:\/\/enotas.com.br\/blog\/wp-json\/wp\/v2\/pages\/20327\/revisions\/20697"}],"wp:featuredmedia":[{"embeddable":true,"href":"https:\/\/enotas.com.br\/blog\/wp-json\/wp\/v2\/media\/20669"}],"wp:attachment":[{"href":"https:\/\/enotas.com.br\/blog\/wp-json\/wp\/v2\/media?parent=20327"}],"curies":[{"name":"wp","href":"https:\/\/api.w.org\/{rel}","templated":true}]}}