{"id":20806,"date":"2021-06-21T15:47:34","date_gmt":"2021-06-21T18:47:34","guid":{"rendered":"https:\/\/enotas.com.br\/blog\/?page_id=20806"},"modified":"2021-07-12T16:59:25","modified_gmt":"2021-07-12T19:59:25","slug":"obrigado-gateway","status":"publish","type":"page","link":"https:\/\/enotas.com.br\/blog\/obrigado-gateway\/","title":{"rendered":"Obrigado! Conhe\u00e7a o eNotas Gateway"},"content":{"rendered":"<p><span><img decoding=\"async\" alt=\"Logo-eNotas-Colorida\" data-id=\"20714\" width=\"120\" data-init-width=\"380\" height=\"29\" data-init-height=\"92\" title=\"Logo-eNotas-Colorida\" loading=\"lazy\" src=\"https:\/\/enotas.com.br\/blog\/wp-content\/uploads\/2021\/06\/Logo-eNotas-Colorida.png\" data-width=\"120\" data-height=\"29\" style=\"\"><\/span><span style=\"\"><img decoding=\"async\" alt=\"\" data-id=\"20808\" width=\"207\" data-init-width=\"2676\" height=\"24\" data-init-height=\"315\" title=\"Ativo 21@4x\" loading=\"lazy\" src=\"https:\/\/enotas.com.br\/blog\/wp-content\/uploads\/2021\/06\/Ativo-21@4x.png\" data-width=\"207\" data-height=\"24\" style=\"\"><\/span><\/p>\n<h1 style=\"\">O material foi enviado para o seu e-mail!<\/h1>\n<p>Caso n\u00e3o encontre na caixa principal, confira as abas de promo\u00e7\u00f5es e spam.&nbsp;<\/p>\n<h2 style=\"text-align: center;\">Escale seu neg\u00f3cio em todo o Brasil emitindo notas automagicamente<\/h2>\n<p style=\"text-align: center;\">Com a API REST da eNotas, voc\u00ea emite NFS-e, NFC-e e NF-e em qualquer prefeitura ou estado, em segundos.<\/p>\n<p><span><img decoding=\"async\" alt=\"\" data-id=\"20823\" width=\"302\" data-init-width=\"5312\" height=\"245\" data-init-height=\"4301\" title=\"Ativo 23@4x\" loading=\"lazy\" src=\"https:\/\/enotas.com.br\/blog\/wp-content\/uploads\/2021\/06\/Ativo-23@4x.png\" data-width=\"302\" data-height=\"245\" style=\"\" ml-d=\"0\"><\/span><\/p>\n<p style=\"text-align: center;\">Preencha os campos abaixo para conversar com os nossos consultores:<\/p>\n<p><!--[if lte IE 8]>[tcb-script charset=\"utf-8\" type=\"text\/javascript\" src=\"\/\/js.hsforms.net\/forms\/v2.js\"][\/tcb-script][tcb-script]hbspt.forms.create({portalId: \"618392\",formId: \"29e71f48-588a-4410-80a2-d8a55ad2df4e\"});[\/tcb-script]\n\n<h3>API REST poderosa, unificada, de verdade.<\/h3>\n\n\n\n<p>Integre apenas uma vez e atenda todo o Brasil, rapidamente, com zero-adapta\u00e7\u00e3o (de verdade).<\/p>\n\n\n\n<h3 style=\"\">Integre facilmente em minutos, n\u00e3o semanas<\/h3>\n\n\n\n<p>Ficou ridiculamente simples emitir NFS-e automaticamente em todo o Brasil, seus desenvolvedores v\u00e3o amar.<\/p>\n\n\n\n<h3>Instabilidades autogerenciadas<\/h3>\n\n\n\n<p>Absorvemos grande parte das instabilidades das prefeituras para os seus usu\u00e1rios serem mais felizes.<\/p>\n\n\n\n<h3>Mais do que uma simples API: uma API inteligente<\/h3>\n\n\n\n<p style=\"\">Calculamos automaticamente o DIFAL, fundo de pobreza e outras informa\u00e7\u00f5es da nota fiscal.<\/p>\n\n\n\n<p style=\"\">Temos a melhor solu\u00e7\u00e3o da gal\u00e1xia<\/p>\n\n\n\n<p style=\"\">Aperte o play e veja o porque os maiores ERPs, SaaS e empresas j\u00e1 vieram para o nosso lado da for\u00e7a!<\/p>\n\n\n\n<p style=\"text-align: center;\">Confira o que os nossos clientes falam do eNotas Gateway<\/p>\n\n\n\n<p style=\"\"><span data-sheets-userformat=\"{&quot;2&quot;:513,&quot;3&quot;:{&quot;1&quot;:0},&quot;12&quot;:0}\" data-sheets-value=\"{&quot;1&quot;:2,&quot;2&quot;:&quot;Com o eNotas, literalmente, a magia acontece e quando menos percebo, o m\u00eas fechou, as notas est\u00e3o todas emitidas e na m\u00e3o dos clientes e o relat\u00f3rio do contador j\u00e1 est\u00e1 pronto no pr\u00f3prio sistema! &quot;}\">\"Sabe aquele momento em que voc\u00ea acha que vai perder o m\u00eas inteiro em relat\u00f3rios e planilhas, cansado de ver aquele site com layout horr\u00edvel da prefeitura, para apenas emitir as suas notas fiscais? \u00c9 ai que tudo mudou, com essa ferramenta de escala m\u00e1gica chamada eNotas. \"<\/span><\/p>\n\n\n\n<h4 style=\"\">Willian Araujo<\/h4>\n\n\n\n<p style=\"\">aiqfome<\/p>\n\n<span><img decoding=\"async\" alt=\"\" data-id=\"21065\" width=\"70\" data-init-width=\"652\" height=\"70\" data-init-height=\"652\" title=\"Ativo 7@4x\" loading=\"lazy\" src=\"https:\/\/enotas.com.br\/blog\/wp-content\/uploads\/2021\/06\/Ativo-7@4x.png\" data-width=\"70\" data-height=\"70\" style=\"\"><\/span>\n\n<p style=\"line-height: 1.75em !important;\">\"O eNotas de forma m\u00e1gica transforma a burocracia t\u00e3o conhecida em praticidade, nos deixando focar no nosso neg\u00f3cio.\"<\/p>\n\n\n\n<h4 style=\"\"><a href=\"https:\/\/www.instagram.com\/fabio_rhesus\/\" style=\"outline: none;\" spellcheck=\"false\">Diego Cruz<\/a><\/h4>\n\n\n\n<p style=\"\"><span data-sheets-hyperlink=\"https:\/\/www.instagram.com\/app.sistemas\/\" data-sheets-userformat=\"{&quot;2&quot;:1313727,&quot;3&quot;:{&quot;1&quot;:0},&quot;4&quot;:[null,2,16777215],&quot;5&quot;:{&quot;1&quot;:[{&quot;1&quot;:2,&quot;2&quot;:0,&quot;5&quot;:[null,2,0]},{&quot;1&quot;:0,&quot;2&quot;:0,&quot;3&quot;:3},{&quot;1&quot;:1,&quot;2&quot;:0,&quot;4&quot;:1}]},&quot;6&quot;:{&quot;1&quot;:[{&quot;1&quot;:2,&quot;2&quot;:0,&quot;5&quot;:[null,2,0]},{&quot;1&quot;:0,&quot;2&quot;:0,&quot;3&quot;:3},{&quot;1&quot;:1,&quot;2&quot;:0,&quot;4&quot;:1}]},&quot;7&quot;:{&quot;1&quot;:[{&quot;1&quot;:2,&quot;2&quot;:0,&quot;5&quot;:[null,2,0]},{&quot;1&quot;:0,&quot;2&quot;:0,&quot;3&quot;:3},{&quot;1&quot;:1,&quot;2&quot;:0,&quot;4&quot;:1}]},&quot;8&quot;:{&quot;1&quot;:[{&quot;1&quot;:2,&quot;2&quot;:0,&quot;5&quot;:[null,2,0]},{&quot;1&quot;:0,&quot;2&quot;:0,&quot;3&quot;:3},{&quot;1&quot;:1,&quot;2&quot;:0,&quot;4&quot;:1}]},&quot;10&quot;:1,&quot;11&quot;:4,&quot;12&quot;:0,&quot;14&quot;:[null,2,1136076],&quot;21&quot;:1,&quot;23&quot;:1}\" data-sheets-value=\"{&quot;1&quot;:2,&quot;2&quot;:&quot;APP Sistemas&quot;}\"><a href=\"https:\/\/www.instagram.com\/app.sistemas\/\" target=\"_blank\" style=\"outline: none;\" spellcheck=\"false\" rel=\"noopener noreferrer\">AP Controle<\/a><\/span><\/p>\n\n<span><img decoding=\"async\" alt=\"\" data-id=\"21064\" width=\"69\" data-init-width=\"652\" height=\"69\" data-init-height=\"652\" title=\"Ativo 6@4x\" loading=\"lazy\" src=\"https:\/\/enotas.com.br\/blog\/wp-content\/uploads\/2021\/06\/Ativo-6@4x.png\" data-width=\"69\" data-height=\"69\"><\/span>\n\n<p style=\"line-height: 1.75em !important;\"><span data-sheets-userformat=\"{&quot;2&quot;:1023,&quot;3&quot;:{&quot;1&quot;:0},&quot;4&quot;:[null,2,16773836],&quot;5&quot;:{&quot;1&quot;:[{&quot;1&quot;:2,&quot;2&quot;:0,&quot;5&quot;:[null,2,0]},{&quot;1&quot;:0,&quot;2&quot;:0,&quot;3&quot;:3},{&quot;1&quot;:1,&quot;2&quot;:0,&quot;4&quot;:1}]},&quot;6&quot;:{&quot;1&quot;:[{&quot;1&quot;:2,&quot;2&quot;:0,&quot;5&quot;:[null,2,0]},{&quot;1&quot;:0,&quot;2&quot;:0,&quot;3&quot;:3},{&quot;1&quot;:1,&quot;2&quot;:0,&quot;4&quot;:1}]},&quot;7&quot;:{&quot;1&quot;:[{&quot;1&quot;:2,&quot;2&quot;:0,&quot;5&quot;:[null,2,0]},{&quot;1&quot;:0,&quot;2&quot;:0,&quot;3&quot;:3},{&quot;1&quot;:1,&quot;2&quot;:0,&quot;4&quot;:1}]},&quot;8&quot;:{&quot;1&quot;:[{&quot;1&quot;:2,&quot;2&quot;:0,&quot;5&quot;:[null,2,0]},{&quot;1&quot;:0,&quot;2&quot;:0,&quot;3&quot;:3},{&quot;1&quot;:1,&quot;2&quot;:0,&quot;4&quot;:1}]},&quot;9&quot;:0,&quot;10&quot;:1,&quot;11&quot;:4,&quot;12&quot;:0}\" data-sheets-value=\"{&quot;1&quot;:2,&quot;2&quot;:&quot;A burocracia desaparece, e a gente nem nota :)&quot;}\"><span data-sheets-userformat=\"{&quot;2&quot;:1023,&quot;3&quot;:{&quot;1&quot;:0},&quot;4&quot;:[null,2,16773836],&quot;5&quot;:{&quot;1&quot;:[{&quot;1&quot;:2,&quot;2&quot;:0,&quot;5&quot;:[null,2,0]},{&quot;1&quot;:0,&quot;2&quot;:0,&quot;3&quot;:3},{&quot;1&quot;:1,&quot;2&quot;:0,&quot;4&quot;:1}]},&quot;6&quot;:{&quot;1&quot;:[{&quot;1&quot;:2,&quot;2&quot;:0,&quot;5&quot;:[null,2,0]},{&quot;1&quot;:0,&quot;2&quot;:0,&quot;3&quot;:3},{&quot;1&quot;:1,&quot;2&quot;:0,&quot;4&quot;:1}]},&quot;7&quot;:{&quot;1&quot;:[{&quot;1&quot;:2,&quot;2&quot;:0,&quot;5&quot;:[null,2,0]},{&quot;1&quot;:0,&quot;2&quot;:0,&quot;3&quot;:3},{&quot;1&quot;:1,&quot;2&quot;:0,&quot;4&quot;:1}]},&quot;8&quot;:{&quot;1&quot;:[{&quot;1&quot;:2,&quot;2&quot;:0,&quot;5&quot;:[null,2,0]},{&quot;1&quot;:0,&quot;2&quot;:0,&quot;3&quot;:3},{&quot;1&quot;:1,&quot;2&quot;:0,&quot;4&quot;:1}]},&quot;9&quot;:0,&quot;10&quot;:1,&quot;11&quot;:4,&quot;12&quot;:0}\" data-sheets-value=\"{&quot;1&quot;:2,&quot;2&quot;:&quot;Para mim a grandeza do eNotas n\u00e3o est\u00e1 somente em facilitar a parte fiscal da minha empresa e resolver qualquer problema neste quesito, mas sim em transformar os problemas em situa\u00e7\u00f5es agrad\u00e1veis por meio de um relacionamento encantador e impec\u00e1vel. Ter o eNotas como parceiro \u00e9, sem d\u00favidas, um dos melhores neg\u00f3cios que j\u00e1 fiz.&quot;}\"><span data-sheets-userformat=\"{&quot;2&quot;:1023,&quot;3&quot;:{&quot;1&quot;:0},&quot;4&quot;:[null,2,16773836],&quot;5&quot;:{&quot;1&quot;:[{&quot;1&quot;:2,&quot;2&quot;:0,&quot;5&quot;:[null,2,0]},{&quot;1&quot;:0,&quot;2&quot;:0,&quot;3&quot;:3},{&quot;1&quot;:1,&quot;2&quot;:0,&quot;4&quot;:1}]},&quot;6&quot;:{&quot;1&quot;:[{&quot;1&quot;:2,&quot;2&quot;:0,&quot;5&quot;:[null,2,0]},{&quot;1&quot;:0,&quot;2&quot;:0,&quot;3&quot;:3},{&quot;1&quot;:1,&quot;2&quot;:0,&quot;4&quot;:1}]},&quot;7&quot;:{&quot;1&quot;:[{&quot;1&quot;:2,&quot;2&quot;:0,&quot;5&quot;:[null,2,0]},{&quot;1&quot;:0,&quot;2&quot;:0,&quot;3&quot;:3},{&quot;1&quot;:1,&quot;2&quot;:0,&quot;4&quot;:1}]},&quot;8&quot;:{&quot;1&quot;:[{&quot;1&quot;:2,&quot;2&quot;:0,&quot;5&quot;:[null,2,0]},{&quot;1&quot;:0,&quot;2&quot;:0,&quot;3&quot;:3},{&quot;1&quot;:1,&quot;2&quot;:0,&quot;4&quot;:1}]},&quot;9&quot;:0,&quot;10&quot;:1,&quot;11&quot;:4,&quot;12&quot;:0}\" data-sheets-value=\"{&quot;1&quot;:2,&quot;2&quot;:&quot;Eram horas e mais horas emitindo notas e notas e mais notas, agora s\u00f3 eNotas.&quot;}\"><span data-sheets-userformat=\"{&quot;2&quot;:1023,&quot;3&quot;:{&quot;1&quot;:0},&quot;4&quot;:[null,2,16773836],&quot;5&quot;:{&quot;1&quot;:[{&quot;1&quot;:2,&quot;2&quot;:0,&quot;5&quot;:[null,2,0]},{&quot;1&quot;:0,&quot;2&quot;:0,&quot;3&quot;:3},{&quot;1&quot;:1,&quot;2&quot;:0,&quot;4&quot;:1}]},&quot;6&quot;:{&quot;1&quot;:[{&quot;1&quot;:2,&quot;2&quot;:0,&quot;5&quot;:[null,2,0]},{&quot;1&quot;:0,&quot;2&quot;:0,&quot;3&quot;:3},{&quot;1&quot;:1,&quot;2&quot;:0,&quot;4&quot;:1}]},&quot;7&quot;:{&quot;1&quot;:[{&quot;1&quot;:2,&quot;2&quot;:0,&quot;5&quot;:[null,2,0]},{&quot;1&quot;:0,&quot;2&quot;:0,&quot;3&quot;:3},{&quot;1&quot;:1,&quot;2&quot;:0,&quot;4&quot;:1}]},&quot;8&quot;:{&quot;1&quot;:[{&quot;1&quot;:2,&quot;2&quot;:0,&quot;5&quot;:[null,2,0]},{&quot;1&quot;:0,&quot;2&quot;:0,&quot;3&quot;:3},{&quot;1&quot;:1,&quot;2&quot;:0,&quot;4&quot;:1}]},&quot;9&quot;:0,&quot;10&quot;:1,&quot;11&quot;:4,&quot;12&quot;:0}\" data-sheets-value=\"{&quot;1&quot;:2,&quot;2&quot;:&quot;Para mim a grandeza do eNotas n\u00e3o est\u00e1 somente em facilitar a parte fiscal da minha empresa e resolver qualquer problema neste quesito, mas sim em transformar os problemas em situa\u00e7\u00f5es agrad\u00e1veis por meio de um relacionamento encantador e impec\u00e1vel. Ter o eNotas como parceiro \u00e9, sem d\u00favidas, um dos melhores neg\u00f3cios que j\u00e1 fiz.&quot;}\">\"Agora focamos no nosso produto e cliente e n\u00e3o mais em integra\u00e7\u00e3o fiscal, SAT, DFE e essas $#@#@#$!\"<\/span><\/span><\/span><\/span><\/p>\n\n\n\n<h4 style=\"\">Fernando Augusto<\/h4>\n\n\n\n<p>Pet Shop Control<\/p>\n\n<span><img decoding=\"async\" alt=\"\" data-id=\"21066\" width=\"69\" data-init-width=\"105\" height=\"70\" data-init-height=\"107\" title=\"Fernando\" loading=\"lazy\" src=\"https:\/\/enotas.com.br\/blog\/wp-content\/uploads\/2021\/06\/Fernando.png\" data-width=\"69\" data-height=\"70\" style=\"\"><\/span>\n\n<p style=\"text-align: center;\">Quem j\u00e1 cresce com a gente<\/p>\n\n<span><img decoding=\"async\" alt=\"\" data-id=\"20849\" width=\"138\" data-init-width=\"153\" height=\"24\" data-init-height=\"27\" title=\"conta-azul-black\" loading=\"lazy\" src=\"https:\/\/enotas.com.br\/blog\/wp-content\/uploads\/2021\/06\/conta-azul-black.png\" data-width=\"138\" data-height=\"24\" style=\"\"><\/span><span><img decoding=\"async\" alt=\"\" data-id=\"20848\" width=\"115\" data-init-width=\"158\" height=\"33\" data-init-height=\"46\" title=\"image 8\" loading=\"lazy\" src=\"https:\/\/enotas.com.br\/blog\/wp-content\/uploads\/2021\/06\/image-8.png\" data-width=\"115\" data-height=\"33\" style=\"\"><\/span><span style=\"\"><img decoding=\"async\" alt=\"\" data-id=\"20847\" width=\"122\" data-init-width=\"207\" height=\"38\" data-init-height=\"64\" title=\"faber-castell-black\" loading=\"lazy\" src=\"https:\/\/enotas.com.br\/blog\/wp-content\/uploads\/2021\/06\/faber-castell-black.png\" data-width=\"122\" data-height=\"38\" style=\"\" mt-d=\"0\" ml-d=\"0\"><\/span><span><img decoding=\"async\" alt=\"\" data-id=\"20846\" width=\"132\" data-init-width=\"178\" height=\"30\" data-init-height=\"41\" title=\"gilbarco-black\" loading=\"lazy\" src=\"https:\/\/enotas.com.br\/blog\/wp-content\/uploads\/2021\/06\/gilbarco-black.png\" data-width=\"132\" data-height=\"30\" style=\"\"><\/span><span><img decoding=\"async\" alt=\"\" data-id=\"20845\" width=\"119\" data-init-width=\"192\" height=\"42\" data-init-height=\"67\" title=\"tecnofit-black\" loading=\"lazy\" src=\"https:\/\/enotas.com.br\/blog\/wp-content\/uploads\/2021\/06\/tecnofit-black.png\" data-width=\"119\" data-height=\"42\" style=\"\"><\/span><span><img decoding=\"async\" alt=\"\" data-id=\"20844\" width=\"126\" data-init-width=\"216\" height=\"29\" data-init-height=\"50\" title=\"sankhya-black\" loading=\"lazy\" src=\"https:\/\/enotas.com.br\/blog\/wp-content\/uploads\/2021\/06\/sankhya-black.png\" data-width=\"126\" data-height=\"29\" style=\"\"><\/span><span><img decoding=\"async\" alt=\"\" data-id=\"20842\" width=\"73\" data-init-width=\"92\" height=\"34\" data-init-height=\"43\" title=\"evo-black\" loading=\"lazy\" src=\"https:\/\/enotas.com.br\/blog\/wp-content\/uploads\/2021\/06\/evo-black.png\" data-width=\"73\" data-height=\"34\" style=\"\"><\/span><span><img decoding=\"async\" alt=\"\" data-id=\"20841\" width=\"134\" data-init-width=\"166\" height=\"32\" data-init-height=\"40\" title=\"monde-black\" loading=\"lazy\" src=\"https:\/\/enotas.com.br\/blog\/wp-content\/uploads\/2021\/06\/monde-black.png\" data-width=\"134\" data-height=\"32\" style=\"\"><\/span><span><img decoding=\"async\" alt=\"\" data-id=\"20840\" width=\"119\" data-init-width=\"169\" height=\"30\" data-init-height=\"42\" title=\"manserv-black\" loading=\"lazy\" src=\"https:\/\/enotas.com.br\/blog\/wp-content\/uploads\/2021\/06\/manserv-black.png\" data-width=\"119\" data-height=\"30\" style=\"\"><\/span><span><img decoding=\"async\" alt=\"\" data-id=\"20839\" width=\"136\" data-init-width=\"222\" height=\"34\" data-init-height=\"56\" title=\"image 4\" loading=\"lazy\" src=\"https:\/\/enotas.com.br\/blog\/wp-content\/uploads\/2021\/06\/image-4.png\" data-width=\"136\" data-height=\"34\" style=\"\"><\/span><span><img decoding=\"async\" alt=\"\" data-id=\"20838\" width=\"97\" data-init-width=\"159\" height=\"21\" data-init-height=\"35\" title=\"image 5\" loading=\"lazy\" src=\"https:\/\/enotas.com.br\/blog\/wp-content\/uploads\/2021\/06\/image-5.png\" data-width=\"97\" data-height=\"21\" style=\"\"><\/span><span><img decoding=\"async\" alt=\"\" data-id=\"20835\" width=\"134\" data-init-width=\"184\" height=\"44\" data-init-height=\"61\" title=\"image 7\" loading=\"lazy\" src=\"https:\/\/enotas.com.br\/blog\/wp-content\/uploads\/2021\/06\/image-7.png\" data-width=\"134\" data-height=\"44\" style=\"\"><\/span><span><img decoding=\"async\" alt=\"\" data-id=\"20834\" width=\"115\" data-init-width=\"176\" height=\"116\" data-init-height=\"177\" title=\"image 10\" loading=\"lazy\" src=\"https:\/\/enotas.com.br\/blog\/wp-content\/uploads\/2021\/06\/image-10.png\" data-width=\"115\" data-height=\"116\" style=\"\"><\/span><span><img decoding=\"async\" alt=\"\" data-id=\"20833\" width=\"115\" data-init-width=\"154\" height=\"50\" data-init-height=\"67\" title=\"enjoei 1\" loading=\"lazy\" src=\"https:\/\/enotas.com.br\/blog\/wp-content\/uploads\/2021\/06\/enjoei-1.png\" data-width=\"115\" data-height=\"50\" style=\"\"><\/span><span><img decoding=\"async\" alt=\"\" data-id=\"20830\" width=\"126\" data-init-width=\"179\" height=\"43\" data-init-height=\"61\" title=\"agilize 1\" loading=\"lazy\" src=\"https:\/\/enotas.com.br\/blog\/wp-content\/uploads\/2021\/06\/agilize-1.png\" data-width=\"126\" data-height=\"43\" style=\"\"><\/span><span><img decoding=\"async\" alt=\"\" data-id=\"20831\" width=\"129\" data-init-width=\"160\" height=\"57\" data-init-height=\"71\" title=\"merqueo 1\" loading=\"lazy\" src=\"https:\/\/enotas.com.br\/blog\/wp-content\/uploads\/2021\/06\/merqueo-1.png\" data-width=\"129\" data-height=\"57\" style=\"\"><\/span><span><img decoding=\"async\" alt=\"enotas-logo\" data-id=\"2107\" width=\"166\" data-init-width=\"500\" height=\"35\" data-init-height=\"104\" title=\"logo_eNotas_Sem_Fundo-BRANCO\" loading=\"lazy\" src=\"https:\/\/enotas.com.br\/blog\/wp-content\/uploads\/2017\/09\/logo_eNotas_Sem_Fundo-BRANCO-e1574308896236.png\" data-width=\"166\" data-height=\"35\" style=\"\"><\/span>\n\n<p style=\"\">Utilizamos nossa tecnologia para dar mais liberdade \u00e0s empresas que querem crescer rapidamente focando no que fazem de melhor no mundo, enquanto cuidamos de suas notas fiscais.<\/p>\n\n<a href=\"https:\/\/www.facebook.com\/enotasoficial\" target=\"_blank\" rel=\"nofollow noopener noreferrer\" data-id=\"facebook\"><span style=\"\"><\/span><\/a><a href=\"https:\/\/br.linkedin.com\/company\/enotas\" target=\"_blank\" rel=\"nofollow noopener noreferrer\" data-id=\"icon-linkedin\"><span style=\"\"><\/span><\/a><a href=\"https:\/\/www.youtube.com\/user\/eNotasOficial\" target=\"_blank\" rel=\"nofollow noopener noreferrer\" data-id=\"icon-youtube\"><span style=\"\"><\/span><\/a><a href=\"https:\/\/www.instagram.com\/enotasoficial\/\" target=\"_blank\" rel=\"nofollow noopener noreferrer\" data-id=\"icon-instagram\"><span style=\"\"><\/span><\/a>\n\n<p style=\"\">eNotas - Feito com&nbsp;<img decoding=\"async\" src=\"https:\/\/enotas.com.br\/blog\/wp-content\/themes\/enotas-4.3\/ativos\/img\/icones\/coracao.svg\" data-src=\"https:\/\/enotas.com.br\/blog\/wp-content\/themes\/enotas-4.3\/ativos\/img\/icones\/coracao.svg\" alt=\"icone cora\u00e7\u00e3o\" data-loaded=\"true\">&nbsp;em Belo Horizonte, desde 2011.<\/p>\n\n\n<\/p>\n","protected":false},"excerpt":{"rendered":"<p>Caso n\u00e3o encontre na caixa principal, confira as abas de promo\u00e7\u00f5es e spam.&nbsp; Com a API REST da eNotas, voc\u00ea emite NFS-e, NFC-e e NF-e em qualquer prefeitura ou estado, em segundos. Preencha os campos abaixo para conversar com os nossos consultores:<\/p>\n","protected":false},"author":28,"featured_media":0,"parent":0,"menu_order":0,"comment_status":"closed","ping_status":"closed","template":"","meta":{"footnotes":""},"class_list":["post-20806","page","type-page","status-publish","hentry"],"_links":{"self":[{"href":"https:\/\/enotas.com.br\/blog\/wp-json\/wp\/v2\/pages\/20806","targetHints":{"allow":["GET"]}}],"collection":[{"href":"https:\/\/enotas.com.br\/blog\/wp-json\/wp\/v2\/pages"}],"about":[{"href":"https:\/\/enotas.com.br\/blog\/wp-json\/wp\/v2\/types\/page"}],"author":[{"embeddable":true,"href":"https:\/\/enotas.com.br\/blog\/wp-json\/wp\/v2\/users\/28"}],"replies":[{"embeddable":true,"href":"https:\/\/enotas.com.br\/blog\/wp-json\/wp\/v2\/comments?post=20806"}],"version-history":[{"count":91,"href":"https:\/\/enotas.com.br\/blog\/wp-json\/wp\/v2\/pages\/20806\/revisions"}],"predecessor-version":[{"id":25347,"href":"https:\/\/enotas.com.br\/blog\/wp-json\/wp\/v2\/pages\/20806\/revisions\/25347"}],"wp:attachment":[{"href":"https:\/\/enotas.com.br\/blog\/wp-json\/wp\/v2\/media?parent=20806"}],"curies":[{"name":"wp","href":"https:\/\/api.w.org\/{rel}","templated":true}]}}