{"id":2103,"date":"2017-09-21T15:34:20","date_gmt":"2017-09-21T18:34:20","guid":{"rendered":"http:\/\/enotas.com.br\/blog\/?page_id=2103"},"modified":"2020-05-08T14:54:37","modified_gmt":"2020-05-08T17:54:37","slug":"guia-nota-fiscal-marketplaces-saas","status":"publish","type":"page","link":"https:\/\/enotas.com.br\/blog\/guia-nota-fiscal-marketplaces-saas\/","title":{"rendered":"Guia Pr\u00e1tico: Nota Fiscal para Marketplaces e Neg\u00f3cios Digitais"},"content":{"rendered":"<p><span style=\"width: 100%;\"><img decoding=\"async\" alt=\"Ebook Nota Fiscal para Neg\u00f3cios Digitais e Marketplaces\" width=\"421\" height=\"386\" title=\"ebook-nota-fiscal-para-negocios-digitais\" data-id=\"2104\" src=\"\/\/enotas.com.br\/blog\/wp-content\/uploads\/2017\/09\/ebook-nota-fiscal-para-negocios-digitais.png\" style=\"\"><\/span><span style=\"width: 100%;\"><img decoding=\"async\" alt=\"Logo eNotas e iugu\" width=\"271\" height=\"44\" title=\"logo-enotas-iugu (2)\" data-id=\"2356\" src=\"\/\/enotas.com.br\/blog\/wp-content\/uploads\/2017\/09\/logo-enotas-iugu-2.png\" style=\"\"><\/span><\/p>\n<p><strong>Spoilers do que voc\u00ea aprender\u00e1:<\/strong><\/p>\n<ul>\n<li>Como a automa\u00e7\u00e3o de notas fiscais te faz ganhar dinheiro e voc\u00ea nem sabe<\/li>\n<li>As dores de cabe\u00e7a que muitos empreendedores passam sem nem precisarem (se soubessem disso!)&nbsp;<\/li>\n<li>Como seu contador gera seu imposto (e a forma competente de fazer isso!)&nbsp;&nbsp;<\/li>\n<li>e muito mais!<\/li>\n<\/ul>\n<h1 style=\"text-align: left;\">Guia Pr\u00e1tico Revela Desafios da&nbsp;<strong>NF-e para Marketplaces e Neg\u00f3cios Online<\/strong><\/h1>\n<p>Descubra como <strong>Solu\u00e7\u00f5es&nbsp;<\/strong><strong>SaaS, Marketplaces e Neg\u00f3cios Online Altamente Escal\u00e1veis&nbsp;<\/strong>lidam com os maiores desafios ligados \u00e0 nota fiscal eletr\u00f4nica (de servi\u00e7o):<\/p>\n<p>[tcb-script charset=&#8221;utf-8&#8243; type=&#8221;text\/javascript&#8221; src=&#8221;\/\/js.hsforms.net\/forms\/v2.js&#8221;][\/tcb-script][tcb-script]  hbspt.forms.create({portalId: &#8220;618392&#8221;,formId: &#8220;e6a6b08f-4d26-4ba7-81bf-f8e31d882efb&#8221;});[\/tcb-script]<\/p>\n<p style=\"text-align: left;\">PS: odiamos spam \ud83d\ude42<\/p>\n","protected":false},"excerpt":{"rendered":"<p>Spoilers do que voc\u00ea aprender\u00e1: Como a automa\u00e7\u00e3o de notas fiscais te faz ganhar dinheiro e voc\u00ea nem sabe As dores de cabe\u00e7a que muitos empreendedores passam sem nem precisarem (se soubessem disso!)&nbsp; Como seu contador gera seu imposto (e a forma competente de fazer isso!)&nbsp;&nbsp; e muito mais! Descubra como Solu\u00e7\u00f5es&nbsp;SaaS, Marketplaces e Neg\u00f3cios [&#8230;]<\/p>\n","protected":false},"author":15,"featured_media":0,"parent":0,"menu_order":0,"comment_status":"closed","ping_status":"closed","template":"","meta":{"footnotes":""},"class_list":["post-2103","page","type-page","status-publish","hentry"],"_links":{"self":[{"href":"https:\/\/enotas.com.br\/blog\/wp-json\/wp\/v2\/pages\/2103","targetHints":{"allow":["GET"]}}],"collection":[{"href":"https:\/\/enotas.com.br\/blog\/wp-json\/wp\/v2\/pages"}],"about":[{"href":"https:\/\/enotas.com.br\/blog\/wp-json\/wp\/v2\/types\/page"}],"author":[{"embeddable":true,"href":"https:\/\/enotas.com.br\/blog\/wp-json\/wp\/v2\/users\/15"}],"replies":[{"embeddable":true,"href":"https:\/\/enotas.com.br\/blog\/wp-json\/wp\/v2\/comments?post=2103"}],"version-history":[{"count":69,"href":"https:\/\/enotas.com.br\/blog\/wp-json\/wp\/v2\/pages\/2103\/revisions"}],"predecessor-version":[{"id":9992,"href":"https:\/\/enotas.com.br\/blog\/wp-json\/wp\/v2\/pages\/2103\/revisions\/9992"}],"wp:attachment":[{"href":"https:\/\/enotas.com.br\/blog\/wp-json\/wp\/v2\/media?parent=2103"}],"curies":[{"name":"wp","href":"https:\/\/api.w.org\/{rel}","templated":true}]}}