{"id":29761,"date":"2023-10-31T11:23:42","date_gmt":"2023-10-31T14:23:42","guid":{"rendered":"https:\/\/enotas.com.br\/blog\/?page_id=29761"},"modified":"2023-10-31T11:23:42","modified_gmt":"2023-10-31T14:23:42","slug":"webinar-coproducao-bt","status":"publish","type":"page","link":"https:\/\/enotas.com.br\/blog\/webinar-coproducao-bt\/","title":{"rendered":"Webinar Coprodu\u00e7\u00e3o eNotas bt"},"content":{"rendered":"<p><span style=\"\"><img decoding=\"async\" alt=\"Logo_eNotas-Branca-1\" data-id=\"24961\" width=\"110\" data-init-width=\"514\" height=\"22\" data-init-height=\"104\" title=\"Logo_eNotas-Branca-1\" loading=\"lazy\" src=\"https:\/\/enotas.com.br\/blog\/wp-content\/uploads\/2022\/02\/Logo_eNotas-Branca-1.png\" data-width=\"110\" data-height=\"22\" style=\"aspect-ratio: auto 514 \/ 104;\" mt-d=\"0\" mt-m=\"0\" ml-d=\"0\"><\/span><\/p>\n<h2 style=\"text-align: center;\"><span>WEBINAR<\/span><\/h2>\n<h2 style=\"text-align: center;\"><span><span><span><span style=\"--tcb-applied-color: rgb(255, 255, 255) !important; color: rgb(255, 255, 255) !important;\">Quer entender a coprodu\u00e7\u00e3o&nbsp;<\/span><\/span><\/span><\/span><\/h2>\n<h2 style=\"text-align: center;\"><span style=\"color: rgb(255, 255, 255) !important;\"><span style=\"--tcb-applied-color: rgb(255, 255, 255) !important;\"><span><span><span><span>e como os&nbsp;<\/span><\/span><\/span><\/span><span><span><span><span>grandes creators&nbsp;<\/span><\/span><\/span><\/span><\/span><\/span><span><span><span><span style=\"--tcb-applied-color: rgb(255, 255, 255) !important; color: rgb(255, 255, 255) !important;\">lucram com ela?<\/span><\/span><\/span><\/span><\/h2>\n<p style=\"text-align: center;\"><strong>Conhe\u00e7a os modelos de coprodu\u00e7\u00e3o<\/strong>, quais as vantagens e tenha acesso aos insights de especialistas no mercado digital com o nosso webinar exclusivo e gratuito.<\/p>\n<p>Register[tcb-script src=&#8221;https:\/\/event.webinarjam.com\/register\/vp98ktq\/embed-button?formTemplate=2&amp;formColor=1&#8243;][\/tcb-script]<\/p>\n<h2 style=\"text-align: center;\"><span style=\"--tcb-applied-color: rgb(254, 115, 79) !important; color: rgb(254, 115, 79) !important;\">Descubra como fazer seu neg\u00f3cio digital decolar com essa estrat\u00e9gia.<\/span><span style=\"font-weight: normal;\">Fique por dentro das novidades sobre a coprodu\u00e7\u00e3o!<\/span><\/h2>\n<p style=\"\">Entenda os modelos de<\/p>\n<p style=\"\">coprodu\u00e7\u00e3o<\/p>\n<p style=\"\"><strong>Tenha acesso a insights valiosos de especialistas do mercado digital<\/strong><\/p>\n<p><strong>Descubra as vantagens da coprodu\u00e7\u00e3o<\/strong><\/p>\n<h2 style=\"text-align: center;\"><span>Entenda os segredos da coprodu\u00e7\u00e3o e como us\u00e1-la a seu favor para diferentes cen\u00e1rios. Se voc\u00ea \u00e9:&nbsp;<\/span><span style=\"--tcb-applied-color: rgb(254, 115, 79) !important; color: rgb(254, 115, 79) !important;\">infoprodutor, afiliado, ag\u00eancia de lan\u00e7amento, contabilidade,<\/span><span>&nbsp;precisa assistir ao webinar para dominar o universo da coprodu\u00e7\u00e3o.<\/span><\/h2>\n<h2 style=\"text-align: center;\"><span style=\"--tcb-applied-color: rgb(254, 115, 79) !important; color: rgb(254, 115, 79) !important;\"><\/span><span style=\"font-weight: normal;\">Conhe\u00e7a os especialistas que v\u00e3o te contar <\/span><span><strong>tudo que voc\u00ea precisa saber sobre coprodu\u00e7\u00e3o na Hotmart<\/strong><\/span><span style=\"font-weight: normal;\">:<\/span><\/h2>\n<p><span><img decoding=\"async\" alt=\"\" data-id=\"29694\" width=\"200\" data-init-width=\"212\" height=\"200\" data-init-height=\"212\" title=\"imagem\" loading=\"lazy\" src=\"https:\/\/enotas.com.br\/blog\/wp-content\/uploads\/2023\/10\/imagen_Prancheta-1.png\" data-width=\"200\" data-height=\"200\" style=\"aspect-ratio: auto 212 \/ 212;\"><\/span><\/p>\n<h5 style=\"\"><strong>B\u00e1rbara Duarte<\/strong><\/h5>\n<p style=\"\"><strong>Supervisora de Branding na eNotas<\/strong><\/p>\n<p>Com ampla experi\u00eancia com a Creator Economy, produ\u00e7\u00e3o de conte\u00fado, redes sociais, o mercado digital e seus elementos, como a coprodu\u00e7\u00e3o. \u00c9 publicit\u00e1ria p\u00f3s-graduada em Marketing e Vendas<\/p>\n<p><span><img decoding=\"async\" alt=\"\" data-id=\"29695\" width=\"200\" data-init-width=\"212\" height=\"200\" data-init-height=\"212\" title=\"imagem\" loading=\"lazy\" src=\"https:\/\/enotas.com.br\/blog\/wp-content\/uploads\/2023\/10\/imagen-02.png\" data-width=\"200\" data-height=\"200\" style=\"aspect-ratio: auto 212 \/ 212;\"><\/span><\/p>\n<h5 style=\"\"><strong>Ivo Brant<\/strong><\/h5>\n<p style=\"\"><strong><strong>Treinamento e Desenvolvimento<\/strong><\/strong><\/p>\n<p>T\u00e9cnico de inform\u00e1tica com quase cinco anos de experi\u00eancia em emiss\u00e3o de notas fiscais para empreendedores do mercado digital. Atua na eNotas h\u00e1 mais de 3 anos.<\/p>\n<h5 style=\"text-align: right;\"><strong>Ivo Brant<\/strong><\/h5>\n<p style=\"text-align: right;\"><strong>Treinamento e Desenvolvimento<\/strong><\/p>\n<p style=\"text-align: right;\">T\u00e9cnico de inform\u00e1tica com quase cinco anos de experi\u00eancia em emiss\u00e3o de notas fiscais para empreendedores do mercado digital. Atua na eNotas h\u00e1 mais de 3 anos.<\/p>\n<p><span><img decoding=\"async\" alt=\"\" data-id=\"29695\" width=\"200\" data-init-width=\"212\" height=\"200\" data-init-height=\"212\" title=\"imagem\" loading=\"lazy\" src=\"https:\/\/enotas.com.br\/blog\/wp-content\/uploads\/2023\/10\/imagen-02.png\" data-width=\"200\" data-height=\"200\" style=\"aspect-ratio: auto 212 \/ 212;\"><\/span><span><img decoding=\"async\" alt=\"\" data-id=\"29724\" width=\"200\" data-init-width=\"212\" height=\"200\" data-init-height=\"212\" title=\"imagem\" loading=\"lazy\" src=\"https:\/\/enotas.com.br\/blog\/wp-content\/uploads\/2023\/10\/imagen-04.png\" data-width=\"200\" data-height=\"200\" style=\"aspect-ratio: auto 212 \/ 212;\"><\/span><\/p>\n<h5 style=\"\"><strong>Anderson Hernandes<\/strong><\/h5>\n<p style=\"\"><strong>Fundador e CEO da Tactus Contabilidade Digital<\/strong><\/p>\n<p>&nbsp;Orienta grandes players do mercado com as melhores pr\u00e1ticas para neg\u00f3cios digitais. Com 29 anos de experi\u00eancia em neg\u00f3cios cont\u00e1beis, tem forma\u00e7\u00e3o em contabilidade, marketing e gest\u00e3o de neg\u00f3cios, \u00e9 autor de 11 livros e j\u00e1 conquistou mais de 3 mil clientes para sua empresa.<\/p>\n<h2 style=\"text-align: center;\">Esteja preparado para a nova coprodu\u00e7\u00e3o. Confira nosso<\/h2>\n<h2 style=\"text-align: center;\">webinar e saiba como configurar suas vendas!<\/h2>\n<p>Register[tcb-script src=&#8221;https:\/\/event.webinarjam.com\/register\/vp98ktq\/embed-button?formTemplate=2&amp;formColor=1&#8243;][\/tcb-script]<span><img decoding=\"async\" alt=\"Logo-eNotas\" data-id=\"20675\" width=\"142\" data-init-width=\"380\" height=\"34\" data-init-height=\"92\" title=\"Logo-eNotas\" loading=\"lazy\" src=\"https:\/\/enotas.com.br\/blog\/wp-content\/uploads\/2021\/06\/Logo-eNotas.png\" data-width=\"142\" data-height=\"34\" style=\"aspect-ratio: auto 380 \/ 92;\"><\/span><a href=\"https:\/\/www.facebook.com\/enotasoficial\" target=\"_blank\" rel=\"nofollow noopener\" data-dynamic-link=\"thrive_global_fields_url\" data-shortcode-id=\"fb\" data-id=\"facebook\"><span><\/span><\/a><a href=\"https:\/\/www.youtube.com\/user\/eNotasOficial\" target=\"_blank\" rel=\"nofollow noopener\" data-dynamic-link=\"thrive_global_fields_url\" data-shortcode-id=\"yt\" data-id=\"icon-youtube\"><span><\/span><\/a><a href=\"https:\/\/www.linkedin.com\/company\/enotas\/\" target=\"_blank\" rel=\"nofollow noopener\" data-dynamic-link=\"thrive_global_fields_url\" data-shortcode-id=\"in\" data-id=\"icon-linkedin\"><span><\/span><\/a><a href=\"https:\/\/www.instagram.com\/enotasoficial\/\" target=\"_blank\" rel=\"nofollow noopener\" data-dynamic-link=\"thrive_global_fields_url\" data-shortcode-id=\"ig\" data-id=\"icon-instagram\"><span><\/span><\/a><a href=\"https:\/\/twitter.com\/enotasOficial\" target=\"_blank\" rel=\"nofollow noopener\" data-dynamic-link=\"thrive_global_fields_url\" data-shortcode-id=\"t\" data-id=\"icon-twitter\"><span><\/span><\/a><\/p>\n<p style=\"\">Utilizamos nossa tecnologia para dar mais liberdade \u00e0s empresas que querem crescer rapidamente focando no que fazem de melhor no mundo, enquanto cuidamos de suas notas fiscais.<\/p>\n<p style=\"\">eNotas &#8211; Feito com&nbsp;&nbsp;<img decoding=\"async\" src=\"https:\/\/enotas.com.br\/blog\/wp-content\/themes\/enotas-4.3\/ativos\/img\/icones\/coracao.svg\" data-src=\"https:\/\/enotas.com.br\/blog\/wp-content\/themes\/enotas-4.3\/ativos\/img\/icones\/coracao.svg\" alt=\"icone cora\u00e7\u00e3o\" data-loaded=\"true\">&nbsp; em Belo Horizonte, desde 2011.<\/p>\n","protected":false},"excerpt":{"rendered":"<p>Conhe\u00e7a os modelos de coprodu\u00e7\u00e3o, quais as vantagens e tenha acesso aos insights de especialistas no mercado digital com o nosso webinar exclusivo e gratuito. Register[tcb-script src=&#8221;https:\/\/event.webinarjam.com\/register\/vp98ktq\/embed-button?formTemplate=2&amp;formColor=1&#8243;][\/tcb-script] Entenda os modelos de coprodu\u00e7\u00e3o Tenha acesso a insights valiosos de especialistas do mercado digital Descubra as vantagens da coprodu\u00e7\u00e3o Supervisora de Branding na eNotas Com ampla experi\u00eancia [&#8230;]<\/p>\n","protected":false},"author":28,"featured_media":29756,"parent":0,"menu_order":0,"comment_status":"closed","ping_status":"closed","template":"","meta":{"footnotes":""},"class_list":["post-29761","page","type-page","status-publish","has-post-thumbnail","hentry"],"_links":{"self":[{"href":"https:\/\/enotas.com.br\/blog\/wp-json\/wp\/v2\/pages\/29761","targetHints":{"allow":["GET"]}}],"collection":[{"href":"https:\/\/enotas.com.br\/blog\/wp-json\/wp\/v2\/pages"}],"about":[{"href":"https:\/\/enotas.com.br\/blog\/wp-json\/wp\/v2\/types\/page"}],"author":[{"embeddable":true,"href":"https:\/\/enotas.com.br\/blog\/wp-json\/wp\/v2\/users\/28"}],"replies":[{"embeddable":true,"href":"https:\/\/enotas.com.br\/blog\/wp-json\/wp\/v2\/comments?post=29761"}],"version-history":[{"count":6,"href":"https:\/\/enotas.com.br\/blog\/wp-json\/wp\/v2\/pages\/29761\/revisions"}],"predecessor-version":[{"id":29768,"href":"https:\/\/enotas.com.br\/blog\/wp-json\/wp\/v2\/pages\/29761\/revisions\/29768"}],"wp:featuredmedia":[{"embeddable":true,"href":"https:\/\/enotas.com.br\/blog\/wp-json\/wp\/v2\/media\/29756"}],"wp:attachment":[{"href":"https:\/\/enotas.com.br\/blog\/wp-json\/wp\/v2\/media?parent=29761"}],"curies":[{"name":"wp","href":"https:\/\/api.w.org\/{rel}","templated":true}]}}