{"id":29850,"date":"2023-11-20T14:39:36","date_gmt":"2023-11-20T17:39:36","guid":{"rendered":"https:\/\/enotas.com.br\/blog\/?page_id=29850"},"modified":"2024-02-05T15:04:05","modified_gmt":"2024-02-05T18:04:05","slug":"webinar-marketing-afiliados","status":"publish","type":"page","link":"https:\/\/enotas.com.br\/blog\/webinar-marketing-afiliados\/","title":{"rendered":"Webinar Marketing Afiliados"},"content":{"rendered":"<p><span style=\"\"><img decoding=\"async\" alt=\"Logo_eNotas-Branca-1\" data-id=\"24961\" width=\"110\" data-init-width=\"514\" height=\"22\" data-init-height=\"104\" title=\"Logo_eNotas-Branca-1\" loading=\"lazy\" src=\"https:\/\/enotas.com.br\/blog\/wp-content\/uploads\/2022\/02\/Logo_eNotas-Branca-1.png\" data-width=\"110\" data-height=\"22\" style=\"aspect-ratio: auto 514 \/ 104;\" mt-d=\"0\" mt-m=\"0\" ml-d=\"0\"><\/span><\/p>\n<p style=\"\">WEBINAR<\/p>\n<h2 style=\"text-align: center;\"><span style=\"\"><span style=\"\"><span style=\"\"><span style=\"\">Descubra como montar uma campanha de tr\u00e1fego pago para bombar as vendas como afiliado &nbsp;<\/span><\/span><\/span><\/span><\/h2>\n<h2 style=\"text-align: center;\"><span style=\"\"><span style=\"\"><span style=\"\"><span style=\"\">Aprenda com quem j\u00e1 faturou <strong>milhares de reais<\/strong> em vendas on-line&nbsp;<\/span><\/span><\/span><\/span><\/h2>\n<p>Liberar acesso ao webinar[tcb-script src=&#8221;https:\/\/event.webinarjam.com\/register\/z2q0muw\/embed-button?formTemplate=2&amp;formColor=4&#8243;][\/tcb-script]<\/p>\n<h2 style=\"text-align: center;\"><span>Aumente seu faturamento ainda este ano:&nbsp;<\/span><span>conhe\u00e7a as estrat\u00e9gias que v\u00e3o mudar o jogo do seu neg\u00f3cio digital<\/span><\/h2>\n<p>Veja como escolher um produto top na Hotmart<\/p>\n<p style=\"\"><strong>Tenha acesso a insights valiosos de especialistas do mercado<\/strong><\/p>\n<p><strong>Monte com a gente uma campanha de Google Ads <\/strong><\/p>\n<h2 style=\"text-align: center;\"><span style=\"font-weight: normal;\">Quem s\u00e3o os especialistas que v\u00e3o te contar&nbsp;<\/span><span><strong>tudo sobre como bombar suas vendas como afiliado: <\/strong><\/span><\/h2>\n<p><span><img decoding=\"async\" alt=\"\" data-id=\"29885\" width=\"200\" data-init-width=\"500\" height=\"200\" data-init-height=\"500\" title=\"foto_circular_syl\" loading=\"lazy\" src=\"https:\/\/enotas.com.br\/blog\/wp-content\/uploads\/2023\/11\/foto_circular_syl.png\" data-width=\"200\" data-height=\"200\" style=\"aspect-ratio: auto 500 \/ 500;\"><\/span><\/p>\n<h5 style=\"\"><strong>Sylvia Amorim:<\/strong><\/h5>\n<p style=\"\"><strong>Especialista de conte\u00fado na eNotas <\/strong><\/p>\n<p>Com ampla experi\u00eancia na Creator Economy e em produ\u00e7\u00e3o de conte\u00fado para redes sociais, blog, podcast e YouTube. \u00c9 jornalista e p\u00f3s-graduada em Comunica\u00e7\u00e3o Digital e M\u00eddias Sociais.<\/p>\n<p><span><img decoding=\"async\" alt=\"\" data-id=\"29888\" width=\"200\" data-init-width=\"501\" height=\"200\" data-init-height=\"500\" title=\"foto_circular_ana\" loading=\"lazy\" src=\"https:\/\/enotas.com.br\/blog\/wp-content\/uploads\/2023\/11\/foto_circular_ana.png\" data-width=\"200\" data-height=\"200\" style=\"aspect-ratio: auto 501 \/ 500;\"><\/span><\/p>\n<h5 style=\"\"><strong>Ana Vict\u00f3ria Antonini:<\/strong><\/h5>\n<p style=\"\"><strong><strong><strong>Especialista de Canais e Parcerias na eNotas<\/strong><\/strong><\/strong><\/p>\n<p>Expert em programa de afiliados, faz a gest\u00e3o e acompanhamento dos parceiros eNotas at\u00e9 realizarem suas vendas. Amplo conhecimento em mercado digital e Hotmart.<\/p>\n<h5 style=\"text-align: right;\"><strong>Ana Vict\u00f3ria Antonini: <\/strong><\/h5>\n<p style=\"text-align: right;\"><strong>Especialista de Canais e Parcerias na eNotas<\/strong><\/p>\n<p style=\"text-align: right;\">Expert em programa de afiliados, faz a gest\u00e3o e acompanhamento dos parceiros eNotas at\u00e9 realizarem suas vendas. Amplo conhecimento em mercado digital e Hotmart.<\/p>\n<p><span><img decoding=\"async\" alt=\"\" data-id=\"29888\" width=\"200\" data-init-width=\"501\" height=\"200\" data-init-height=\"500\" title=\"foto_circular_ana\" loading=\"lazy\" src=\"https:\/\/enotas.com.br\/blog\/wp-content\/uploads\/2023\/11\/foto_circular_ana.png\" data-width=\"200\" data-height=\"200\" style=\"aspect-ratio: auto 501 \/ 500;\"><\/span><span><img decoding=\"async\" alt=\"\" data-id=\"29891\" width=\"200\" data-init-width=\"501\" height=\"200\" data-init-height=\"500\" title=\"foto_circular_leo\" loading=\"lazy\" src=\"https:\/\/enotas.com.br\/blog\/wp-content\/uploads\/2023\/11\/foto_circular_leo.png\" data-width=\"200\" data-height=\"200\" style=\"aspect-ratio: auto 501 \/ 500;\"><\/span><\/p>\n<h5 style=\"\"><strong>Leonardo Amoyr: <\/strong><\/h5>\n<p style=\"\"><strong>Afiliado e idealizador do \u201cClubeA360\u201d. <\/strong><\/p>\n<p>J\u00e1 faturou mais de 500 mil reais em vendas on-line. Tem um canal no YouTube com mais de 60K inscritos onde compartilha muito conte\u00fado sobre marketing digital e estrat\u00e9gias de vendas para infoprodutos. \u00c9 afiliado do produto eNotas para emiss\u00e3o de notas fiscais.<\/p>\n<h2 style=\"text-align: center;\">Esteja preparado para decolar suas vendas como afiliado e ver seu faturamento aumentar. Assista ao webinar e saiba como montar campanhas de sucesso!&nbsp;<\/h2>\n<p>Liberar acesso ao webinar[tcb-script src=&#8221;https:\/\/event.webinarjam.com\/register\/z2q0muw\/embed-button?formTemplate=2&amp;formColor=4&#8243;][\/tcb-script]<span><img decoding=\"async\" alt=\"Logo-eNotas\" data-id=\"20675\" width=\"142\" data-init-width=\"380\" height=\"34\" data-init-height=\"92\" title=\"Logo-eNotas\" loading=\"lazy\" src=\"https:\/\/enotas.com.br\/blog\/wp-content\/uploads\/2021\/06\/Logo-eNotas.png\" data-width=\"142\" data-height=\"34\" style=\"aspect-ratio: auto 380 \/ 92;\"><\/span><a href=\"https:\/\/www.facebook.com\/enotasoficial\" target=\"_blank\" rel=\"nofollow noopener\" data-dynamic-link=\"thrive_global_fields_url\" data-shortcode-id=\"fb\" data-id=\"facebook\"><span><\/span><\/a><a href=\"https:\/\/www.youtube.com\/user\/eNotasOficial\" target=\"_blank\" rel=\"nofollow noopener\" data-dynamic-link=\"thrive_global_fields_url\" data-shortcode-id=\"yt\" data-id=\"icon-youtube\"><span><\/span><\/a><a href=\"https:\/\/www.linkedin.com\/company\/enotas\/\" target=\"_blank\" rel=\"nofollow noopener\" data-dynamic-link=\"thrive_global_fields_url\" data-shortcode-id=\"in\" data-id=\"icon-linkedin\"><span><\/span><\/a><a href=\"https:\/\/www.instagram.com\/enotasoficial\/\" target=\"_blank\" rel=\"nofollow noopener\" data-dynamic-link=\"thrive_global_fields_url\" data-shortcode-id=\"ig\" data-id=\"icon-instagram\"><span><\/span><\/a><a href=\"https:\/\/twitter.com\/enotasOficial\" target=\"_blank\" rel=\"nofollow noopener\" data-dynamic-link=\"thrive_global_fields_url\" data-shortcode-id=\"t\" data-id=\"icon-twitter\"><span><\/span><\/a><\/p>\n<p style=\"\">Utilizamos nossa tecnologia para dar mais liberdade \u00e0s empresas que querem crescer rapidamente focando no que fazem de melhor no mundo, enquanto cuidamos de suas notas fiscais.<\/p>\n<p style=\"\">eNotas &#8211; Feito com&nbsp;&nbsp;<img decoding=\"async\" src=\"https:\/\/enotas.com.br\/blog\/wp-content\/themes\/enotas-4.3\/ativos\/img\/icones\/coracao.svg\" data-src=\"https:\/\/enotas.com.br\/blog\/wp-content\/themes\/enotas-4.3\/ativos\/img\/icones\/coracao.svg\" alt=\"icone cora\u00e7\u00e3o\" data-loaded=\"true\">&nbsp; em Belo Horizonte, desde 2011.<\/p>\n","protected":false},"excerpt":{"rendered":"<p>WEBINAR Liberar acesso ao webinar[tcb-script src=&#8221;https:\/\/event.webinarjam.com\/register\/z2q0muw\/embed-button?formTemplate=2&amp;formColor=4&#8243;][\/tcb-script] Veja como escolher um produto top na Hotmart Tenha acesso a insights valiosos de especialistas do mercado Monte com a gente uma campanha de Google Ads Especialista de conte\u00fado na eNotas Com ampla experi\u00eancia na Creator Economy e em produ\u00e7\u00e3o de conte\u00fado para redes sociais, blog, podcast e YouTube. [&#8230;]<\/p>\n","protected":false},"author":28,"featured_media":29969,"parent":0,"menu_order":0,"comment_status":"closed","ping_status":"closed","template":"","meta":{"footnotes":""},"class_list":["post-29850","page","type-page","status-publish","has-post-thumbnail","hentry"],"_links":{"self":[{"href":"https:\/\/enotas.com.br\/blog\/wp-json\/wp\/v2\/pages\/29850","targetHints":{"allow":["GET"]}}],"collection":[{"href":"https:\/\/enotas.com.br\/blog\/wp-json\/wp\/v2\/pages"}],"about":[{"href":"https:\/\/enotas.com.br\/blog\/wp-json\/wp\/v2\/types\/page"}],"author":[{"embeddable":true,"href":"https:\/\/enotas.com.br\/blog\/wp-json\/wp\/v2\/users\/28"}],"replies":[{"embeddable":true,"href":"https:\/\/enotas.com.br\/blog\/wp-json\/wp\/v2\/comments?post=29850"}],"version-history":[{"count":110,"href":"https:\/\/enotas.com.br\/blog\/wp-json\/wp\/v2\/pages\/29850\/revisions"}],"predecessor-version":[{"id":30776,"href":"https:\/\/enotas.com.br\/blog\/wp-json\/wp\/v2\/pages\/29850\/revisions\/30776"}],"wp:featuredmedia":[{"embeddable":true,"href":"https:\/\/enotas.com.br\/blog\/wp-json\/wp\/v2\/media\/29969"}],"wp:attachment":[{"href":"https:\/\/enotas.com.br\/blog\/wp-json\/wp\/v2\/media?parent=29850"}],"curies":[{"name":"wp","href":"https:\/\/api.w.org\/{rel}","templated":true}]}}