{"id":8612,"date":"2019-12-27T16:34:12","date_gmt":"2019-12-27T18:34:12","guid":{"rendered":"https:\/\/enotas.com.br\/blog\/?page_id=8612"},"modified":"2019-12-27T17:12:07","modified_gmt":"2019-12-27T19:12:07","slug":"ebook-escolher-meio-de-pagamento","status":"publish","type":"page","link":"https:\/\/enotas.com.br\/blog\/ebook-escolher-meio-de-pagamento\/","title":{"rendered":"eBook \u2013 12 dicas simples para escolher um meio de pagamento"},"content":{"rendered":"<p><span style=\"width: 100%;\"><img decoding=\"async\" alt=\"Logo eNotas\" width=\"772\" height=\"160\" src=\"https:\/\/enotas.com.br\/blog\/wp-content\/uploads\/2017\/09\/logo-eNotas-Sem-Fundo-1-1.png\" style=\"width: 100%;\" title=\"logo-eNotas-Sem-Fundo (1)\" data-id=\"2412\"><\/span><span style=\"width: 100%;\"><img decoding=\"async\" alt=\"meio de pagamento - 1\" width=\"430\" height=\"557\" title=\"meio de pagamento - 1\" data-id=\"8674\" src=\"https:\/\/enotas.com.br\/blog\/wp-content\/uploads\/2019\/12\/meio-de-pagamento-1.jpg\" style=\"width: 100%;\"><\/span><\/p>\n<h1 style=\"text-align: left;\"><strong>eBook Gratuito<\/strong><\/h1>\n<p>Descubra <strong>12 dicas simples e pr\u00e1ticas para escolher um meio de pagamento<\/strong> para o seu neg\u00f3cio.<\/p>\n<\/p>\n<p>Entenda a import\u00e2ncia da seguran\u00e7a, do custo-benef\u00edcio e, claro, da emiss\u00e3o de notas fiscais em sua decis\u00e3o!<\/p>\n","protected":false},"excerpt":{"rendered":"<p>Descubra 12 dicas simples e pr\u00e1ticas para escolher um meio de pagamento para o seu neg\u00f3cio. Entenda a import\u00e2ncia da seguran\u00e7a, do custo-benef\u00edcio e, claro, da emiss\u00e3o de notas fiscais em sua decis\u00e3o!<\/p>\n","protected":false},"author":15,"featured_media":0,"parent":0,"menu_order":0,"comment_status":"closed","ping_status":"closed","template":"landing-page.php","meta":{"footnotes":""},"class_list":["post-8612","page","type-page","status-publish","hentry"],"_links":{"self":[{"href":"https:\/\/enotas.com.br\/blog\/wp-json\/wp\/v2\/pages\/8612","targetHints":{"allow":["GET"]}}],"collection":[{"href":"https:\/\/enotas.com.br\/blog\/wp-json\/wp\/v2\/pages"}],"about":[{"href":"https:\/\/enotas.com.br\/blog\/wp-json\/wp\/v2\/types\/page"}],"author":[{"embeddable":true,"href":"https:\/\/enotas.com.br\/blog\/wp-json\/wp\/v2\/users\/15"}],"replies":[{"embeddable":true,"href":"https:\/\/enotas.com.br\/blog\/wp-json\/wp\/v2\/comments?post=8612"}],"version-history":[{"count":25,"href":"https:\/\/enotas.com.br\/blog\/wp-json\/wp\/v2\/pages\/8612\/revisions"}],"predecessor-version":[{"id":8678,"href":"https:\/\/enotas.com.br\/blog\/wp-json\/wp\/v2\/pages\/8612\/revisions\/8678"}],"wp:attachment":[{"href":"https:\/\/enotas.com.br\/blog\/wp-json\/wp\/v2\/media?parent=8612"}],"curies":[{"name":"wp","href":"https:\/\/api.w.org\/{rel}","templated":true}]}}