{"id":8834,"date":"2020-01-15T13:04:51","date_gmt":"2020-01-15T15:04:51","guid":{"rendered":"https:\/\/enotas.com.br\/blog\/?page_id=8834"},"modified":"2020-08-06T08:13:44","modified_gmt":"2020-08-06T11:13:44","slug":"historia-gilbarco","status":"publish","type":"page","link":"https:\/\/enotas.com.br\/blog\/historia-gilbarco\/","title":{"rendered":"Hist\u00f3ria Gilbarco: como a multinacional de postos de combustivel revolucionou a experi\u00eancia de automa\u00e7\u00e3o de nota fiscal com a eNotas"},"content":{"rendered":"<h1 style=\"text-align: center;\"><span><b data-stringify-type=\"bold\">C<\/b><\/span><span><b data-stringify-type=\"bold\">omo a multinacional Gilbarco, inventora da bomba de combust\u00edvel, revolucionou a experi\u00eancia de automa\u00e7\u00e3o de nota fiscal com a eNotas&nbsp;<\/b><\/span><\/h1>\n","protected":false},"excerpt":{"rendered":"<p>Como a multinacional Gilbarco, inventora da bomba de combust\u00edvel, revolucionou a experi\u00eancia de automa\u00e7\u00e3o de nota fiscal com a eNotas&nbsp;<\/p>\n","protected":false},"author":15,"featured_media":0,"parent":0,"menu_order":0,"comment_status":"closed","ping_status":"closed","template":"","meta":{"footnotes":""},"class_list":["post-8834","page","type-page","status-publish","hentry"],"_links":{"self":[{"href":"https:\/\/enotas.com.br\/blog\/wp-json\/wp\/v2\/pages\/8834","targetHints":{"allow":["GET"]}}],"collection":[{"href":"https:\/\/enotas.com.br\/blog\/wp-json\/wp\/v2\/pages"}],"about":[{"href":"https:\/\/enotas.com.br\/blog\/wp-json\/wp\/v2\/types\/page"}],"author":[{"embeddable":true,"href":"https:\/\/enotas.com.br\/blog\/wp-json\/wp\/v2\/users\/15"}],"replies":[{"embeddable":true,"href":"https:\/\/enotas.com.br\/blog\/wp-json\/wp\/v2\/comments?post=8834"}],"version-history":[{"count":20,"href":"https:\/\/enotas.com.br\/blog\/wp-json\/wp\/v2\/pages\/8834\/revisions"}],"predecessor-version":[{"id":10923,"href":"https:\/\/enotas.com.br\/blog\/wp-json\/wp\/v2\/pages\/8834\/revisions\/10923"}],"wp:attachment":[{"href":"https:\/\/enotas.com.br\/blog\/wp-json\/wp\/v2\/media?parent=8834"}],"curies":[{"name":"wp","href":"https:\/\/api.w.org\/{rel}","templated":true}]}}